{"id":2862,"date":"2024-03-22T20:56:28","date_gmt":"2024-03-22T23:56:28","guid":{"rendered":"https:\/\/xn--topcomerciodepeas-osb.com.br\/?post_type=product&#038;p=2862"},"modified":"2024-05-30T17:45:28","modified_gmt":"2024-05-30T20:45:28","slug":"kit-selenia-5w30-motor-fire","status":"publish","type":"product","link":"https:\/\/xn--topcomerciodepeas-osb.com.br\/?product=kit-selenia-5w30-motor-fire","title":{"rendered":"Kit troca de \u00f3leo Sel\u00eania 5w30 (motor Fire\/Evo)"},"content":{"rendered":"<p><strong>PETRONAS SELENIA PERFORM SP<\/strong> \u00e9 um lubrificante 100% sint\u00e9tico contendo aditivos de \u00faltima gera\u00e7\u00e3o com tecnologia API SP e ACEA A5\/B5 para uma lubrifica\u00e7\u00e3o de alta performance nos motores dos principais fabricantes mundiais, especialmente os norte-americanos e europeus. PETRONAS SELENIA PERFORM SP possui um alto n\u00edvel de limpeza e prote\u00e7\u00e3o contra corros\u00e3o e desgaste do motor, aumentando a vida \u00fatil dos motes movidos a gasolina, etanol, flex e GNV.<\/p>\n<div class=\"views-field views-field-table-infor\">\n<table class=\"modal-infor\" style=\"height: 244px;\" width=\"346\">\n<tbody>\n<tr>\n<td class=\"field-label\">\u00cdndice de viscosidade<\/td>\n<td>\n<div class=\"views-field views-field-field-viscosity\">5W-30<\/div>\n<\/td>\n<\/tr>\n<tr>\n<td class=\"field-label\">Especifica\u00e7\u00f5es da ind\u00fastria<\/td>\n<td>\n<p data-pm-slice=\"1 1 []\">API SP<br \/>\nACEA A5\/B5<\/p>\n<p>&nbsp;<\/td>\n<\/tr>\n<tr>\n<td class=\"field-label\">Aplica\u00e7\u00e3o (s)<\/td>\n<td>Carro de Passeio<\/td>\n<\/tr>\n<tr>\n<td class=\"field-label\">Tipo de lubrificante<\/td>\n<td>\n<div class=\"views-field views-field-field-oil-type\">SINT\u00c9TICO<\/div>\n<\/td>\n<\/tr>\n<tr>\n<td class=\"field-label\">Marca<\/td>\n<td>\n<div class=\"views-field views-field-field-brand\">PETRONAS Selenia<\/div>\n<\/td>\n<\/tr>\n<\/tbody>\n<\/table>\n<div class=\"flex-1 overflow-hidden\">\n<div class=\"react-scroll-to-bottom--css-tqbow-79elbk h-full\">\n<div class=\"react-scroll-to-bottom--css-tqbow-1n7m0yu\">\n<div class=\"flex flex-col text-sm pb-9\">\n<div class=\"w-full text-token-text-primary\" data-testid=\"conversation-turn-39\">\n<div class=\"px-4 py-2 justify-center text-base md:gap-6 m-auto\">\n<div class=\"flex flex-1 text-base mx-auto gap-3 md:px-5 lg:px-1 xl:px-5 md:max-w-3xl lg:max-w-[40rem] xl:max-w-[48rem] group final-completion\">\n<div class=\"relative flex w-full flex-col agent-turn\">\n<div class=\"flex-col gap-1 md:gap-3\">\n<div class=\"flex flex-grow flex-col max-w-full\">\n<div class=\"min-h-[20px] text-message flex flex-col items-start gap-3 whitespace-pre-wrap break-words [.text-message+&amp;]:mt-5 overflow-x-auto\" data-message-author-role=\"assistant\" data-message-id=\"e9c41e18-1a0a-4bda-b874-bab80fc48fac\">\n<div class=\"markdown prose w-full break-words dark:prose-invert light\">\n<p>A <strong>Vox<\/strong> \u00e9 uma renomada fabricante de filtros automotivos, reconhecida por sua qualidade superior. Seus filtros s\u00e3o projetados para garantir m\u00e1xima efici\u00eancia na filtragem de impurezas, proporcionando prote\u00e7\u00e3o confi\u00e1vel para os motores dos ve\u00edculos. Com um compromisso cont\u00ednuo com a excel\u00eancia, a Vox se tornou uma escolha confi\u00e1vel para motoristas e profissionais da ind\u00fastria automotiva em todo o mundo.<\/p>\n<\/div>\n<\/div>\n<\/div>\n<\/div>\n<\/div>\n<\/div>\n<\/div>\n<\/div>\n<\/div>\n<\/div>\n<\/div>\n<\/div>\n<\/div>\n<p>Aplica\u00e7\u00f5es do KIT:<\/p>\n<ul>\n<li>FIAT Cinquecento (Fiat 500) 1.4 16V 07\/2007 &#8211; 07\/2011 (MULTIAIR &#8211; Sport \/ Lounge) Gasolina<\/li>\n<li>FIAT Cinquecento (Fiat 500) 1.4 8V 08\/2011 &gt; (EVO &#8211; Cult Dualogic \/ Cult) Flex<\/li>\n<li>FIAT Doblo 1.3 16V 2001 &#8211; 2006 (Cargo \/ EX RST) Gasolina<\/li>\n<li>FIAT Doblo 1.4 8V 11\/2009 &#8211; 2015 (Attractive \/ ELX) Flex<\/li>\n<li>FIAT Fiorino 1.3 8V 2002 &#8211; 2006 (Furg\u00e3o Fire) Gasolina<\/li>\n<li>FIAT Fiorino 1.3 8V 2007 &#8211; 10\/2013 (Fire Flex) Flex<\/li>\n<li>FIAT Fiorino 1.4 8V EVO 11\/2013 &gt; (Furg\u00e3o Fire) Flex<\/li>\n<li>FIAT Grand Siena 1.0 8V &#8211; 75 cv 2017 &gt; (EVO \/ ATTRACTIVE) Flex<\/li>\n<li>FIAT Grand Siena 1.4 8V Fire 2012 &#8211; 2014 (Attractive) Flex<\/li>\n<li>FIAT Grand Siena 1.4 8V 2015 &gt; (Tetrafuel)<\/li>\n<li>FIAT Idea 1.4 8V 2005 &#8211; 2012 (Attractive\/ELX FIRE) Flex<\/li>\n<li>FIAT Mobi 1.0 4cil 2016 &gt; (Fire &#8211; Easy \/ Like \/ Way) Flex<\/li>\n<li>FIAT Palio Weekend 1.0 16V 2000 &#8211; 2003 (FIRE) Gasolina<\/li>\n<li>FIAT Palio Weekend 1.3 16V 2000 &#8211; 2005 (FIRE) Gasolina\/Flex<\/li>\n<li>FIAT Palio Weekend 1.3 8V 2003 &#8211; 2004 (FIRE) Gasolina<\/li>\n<li>FIAT Palio Weekend 1.4 8V 2005 &gt; (Attractive\/ELX FIRE) Flex<\/li>\n<li>FIAT Palio 1.0 16V 2001 &#8211; 2003 (ELX \/ EX FIRE) Gasolina\/Flex<\/li>\n<li>FIAT Palio 1.0 8V 2003 &gt; (FIRE) Flex<\/li>\n<li>FIAT Palio 1.0 2011 &gt; (Attractive) Flex<\/li>\n<li>FIAT Palio 1.3 16V 2000 &#8211; 2003 (FIRE) Gasolina<\/li>\n<li>FIAT Palio 1.3 8V 2002 &#8211; 2005 (FIRE) Flex<\/li>\n<li>FIAT Palio 1.4 8V 2005 &#8211; 2012 (FIRE) Flex<\/li>\n<li>FIAT Palio 1.4 2011 &gt; (Attractive) Flex<\/li>\n<li>FIAT Punto 1.4 8V 07\/2007 &#8211; 12\/2012 (FIRE &#8211; ELX) Flex<\/li>\n<li>FIAT Siena 1.0 16V 2000 &#8211; 2003 (FIRE) Gasolina<\/li>\n<li>FIAT Siena 1.0 8V 2000 &#8211; 2016 (Attractive\/FIRE) Gasolina\/Flex<\/li>\n<li>FIAT Siena 1.3 16V 2000 &#8211; 2005 (FIRE) Gasolina\/Flex<\/li>\n<li>FIAT Siena 1.4 8V 2005 &#8211; 2012 (FIRE \/ TETRAFUEL) Flex<\/li>\n<li>FIAT Siena 1.6 16V 2001 &#8211; 2004 (FIRE) Gasolina<\/li>\n<li>FIAT Strada 1.3 8V 2002 &#8211; 2005 (FIRE) Gasolina<\/li>\n<li>FIAT Strada 1.4 8V 2005 &gt; (Fire &#8211; Working) Flex<\/li>\n<li>FIAT Strada 1.4 8V 2020 &gt; (Hard Working \/ Freedom \/ Working) Flex<\/li>\n<li>FIAT Uno 1.0 8V 2005 &#8211; 2015 (FIRE &#8211; Economy) Flex<\/li>\n<li>FIAT Uno 1.0 8V 2000 &#8211; 2006 (FIRE) \u00c1lcool\/Gasolina<\/li>\n<li>FIAT Uno 1.0 EVO 8V Fire 05\/2010 &#8211; 2016 (VIVACE) Flex<\/li>\n<li>FIAT Uno 1.4 EVO 8V Fire 05\/2010 &#8211; 2016 (VIVACE) Flex<\/li>\n<\/ul>\n<p>Possui alguma d\u00favida? Clique <a href=\"https:\/\/wa.me\/+554884223366\">aqui<\/a> e entre em contato atrav\u00e9s do Whatsapp.<\/p>\n","protected":false},"excerpt":{"rendered":"<p>Conte\u00fado do KIT:<\/p>\n<p>3 &#8211;\u00a0 Selenia perform 5w30 acea A5\/B5 Original Fiat<\/p>\n<p>1 &#8211; Filtro de \u00f3leo lbm5 Vox<\/p>\n<p>1 &#8211; Etiqueta adesiva Selenia para marcar pr\u00f3xima troca de \u00f3leo<\/p>\n<p>Aten\u00e7\u00e3o: Antes de efetuar a compra confirme se aplica\u00e7\u00e3o esta correta para o seu ve\u00edculo<\/p>\n","protected":false},"featured_media":2863,"comment_status":"open","ping_status":"closed","template":"","meta":[],"product_brand":[],"product_cat":[66,15,67],"product_tag":[68],"class_list":{"0":"post-2862","1":"product","2":"type-product","3":"status-publish","4":"has-post-thumbnail","6":"product_cat-kits","7":"product_cat-top-comercio-de-pecas-e-acessorios","8":"product_cat-troca-de-oleo-filtro","9":"product_tag-vox","11":"first","12":"instock","13":"sale","14":"shipping-taxable","15":"purchasable","16":"product-type-simple"},"jetpack_sharing_enabled":true,"_links":{"self":[{"href":"https:\/\/xn--topcomerciodepeas-osb.com.br\/index.php?rest_route=\/wp\/v2\/product\/2862","targetHints":{"allow":["GET"]}}],"collection":[{"href":"https:\/\/xn--topcomerciodepeas-osb.com.br\/index.php?rest_route=\/wp\/v2\/product"}],"about":[{"href":"https:\/\/xn--topcomerciodepeas-osb.com.br\/index.php?rest_route=\/wp\/v2\/types\/product"}],"replies":[{"embeddable":true,"href":"https:\/\/xn--topcomerciodepeas-osb.com.br\/index.php?rest_route=%2Fwp%2Fv2%2Fcomments&post=2862"}],"version-history":[{"count":11,"href":"https:\/\/xn--topcomerciodepeas-osb.com.br\/index.php?rest_route=\/wp\/v2\/product\/2862\/revisions"}],"predecessor-version":[{"id":3541,"href":"https:\/\/xn--topcomerciodepeas-osb.com.br\/index.php?rest_route=\/wp\/v2\/product\/2862\/revisions\/3541"}],"wp:featuredmedia":[{"embeddable":true,"href":"https:\/\/xn--topcomerciodepeas-osb.com.br\/index.php?rest_route=\/wp\/v2\/media\/2863"}],"wp:attachment":[{"href":"https:\/\/xn--topcomerciodepeas-osb.com.br\/index.php?rest_route=%2Fwp%2Fv2%2Fmedia&parent=2862"}],"wp:term":[{"taxonomy":"product_brand","embeddable":true,"href":"https:\/\/xn--topcomerciodepeas-osb.com.br\/index.php?rest_route=%2Fwp%2Fv2%2Fproduct_brand&post=2862"},{"taxonomy":"product_cat","embeddable":true,"href":"https:\/\/xn--topcomerciodepeas-osb.com.br\/index.php?rest_route=%2Fwp%2Fv2%2Fproduct_cat&post=2862"},{"taxonomy":"product_tag","embeddable":true,"href":"https:\/\/xn--topcomerciodepeas-osb.com.br\/index.php?rest_route=%2Fwp%2Fv2%2Fproduct_tag&post=2862"}],"curies":[{"name":"wp","href":"https:\/\/api.w.org\/{rel}","templated":true}]}}