{"id":2898,"date":"2024-03-25T18:48:49","date_gmt":"2024-03-25T21:48:49","guid":{"rendered":"https:\/\/xn--topcomerciodepeas-osb.com.br\/?post_type=product&#038;p=2898"},"modified":"2025-01-18T10:44:35","modified_gmt":"2025-01-18T13:44:35","slug":"kit-troca-de-oleo-motorcraft-5w30-sp-ford","status":"publish","type":"product","link":"https:\/\/xn--topcomerciodepeas-osb.com.br\/?product=kit-troca-de-oleo-motorcraft-5w30-sp-ford","title":{"rendered":"Kit troca de \u00f3leo Motorcraft 5w30 SP Ford"},"content":{"rendered":"<p>\u00d3leo lubrificante sint\u00e9tico de \u00faltima gera\u00e7\u00e3o recomendado para os motores a gasolina, etanol, GNV e flex. Seu elevado desempenho e tecnologia tamb\u00e9m proporcionam prote\u00e7\u00e3o inigual\u00e1vel para motores turbo e com inje\u00e7\u00e3o direta de combust\u00edvel (TGDI). Tem como benef\u00edcios:<\/p>\n<div>-Economia de combust\u00edvel;<\/div>\n<div>-Contribui\u00e7\u00e3o ao meio ambiente reduzindo emiss\u00e3o de gases poluentes;<\/div>\n<div>-Limpeza interna do motor;<\/div>\n<div>-Excelente prote\u00e7\u00e3o contra o desgaste;<\/div>\n<div>-Impede a forma\u00e7\u00e3o de borras e dep\u00f3sitos em altas temperaturas;<\/div>\n<div><\/div>\n<table class=\"modal-infor\" style=\"height: 244px;\" width=\"346\">\n<tbody>\n<tr>\n<td class=\"field-label\">\u00cdndice de viscosidade<\/td>\n<td>\n<div class=\"views-field views-field-field-viscosity\">5W-30<\/div>\n<\/td>\n<\/tr>\n<tr>\n<td class=\"field-label\">Especifica\u00e7\u00f5es da ind\u00fastria<\/td>\n<td>\n<div>ILSAC GF-6A<\/div>\n<div>Ford WSS-M2C961-A1<\/div>\n<div>API SP\/RC<\/div>\n<\/td>\n<\/tr>\n<tr>\n<td class=\"field-label\">Aplica\u00e7\u00e3o (s)<\/td>\n<td>Carro de Passeio<\/td>\n<\/tr>\n<tr>\n<td class=\"field-label\">Tipo de lubrificante<\/td>\n<td>\n<div class=\"views-field views-field-field-oil-type\">SINT\u00c9TICO<\/div>\n<\/td>\n<\/tr>\n<tr>\n<td class=\"field-label\">Marca<\/td>\n<td>Motorcraft<\/td>\n<\/tr>\n<\/tbody>\n<\/table>\n<p>A <strong>Vox<\/strong> \u00e9 uma renomada fabricante de filtros automotivos, reconhecida por sua qualidade superior. Seus filtros s\u00e3o projetados para garantir m\u00e1xima efici\u00eancia na filtragem de impurezas, proporcionando prote\u00e7\u00e3o confi\u00e1vel para os motores dos ve\u00edculos. Com um compromisso cont\u00ednuo com a excel\u00eancia, a Vox se tornou uma escolha confi\u00e1vel para motoristas e profissionais da ind\u00fastria automotiva em todo o mundo.<\/p>\n<p>Aplica\u00e7\u00f5es do KIT:<\/p>\n<ul>\n<li>FORD Fiesta 1.0 12V 3cil 2017 &gt; Turbo &#8211; Ecoboost Titanium Plus Flex<\/li>\n<li>FORD Fiesta 1.0 8V 53cv 1996 1999 (Endura) &#8211; mec\u00e2nico Gasolina<\/li>\n<li>FORD Fiesta 1.0 8V 2001 2006 Gasolina<\/li>\n<li>FORD Fiesta 1.0 8V 2001 2006 Gasolina<\/li>\n<li>FORD Fiesta 1.0 8V 2006 2014 Flex<\/li>\n<li>FORD Fiesta 1.0 8V 2006 2014 Flex<\/li>\n<li>FORD Fiesta 1.0 8V 1995 2002 Endura \/ Zetec Rocam Gasolina<\/li>\n<li>FORD Fiesta 1.4 16V 1996 1999 Zetec Gasolina<\/li>\n<li>FORD Fiesta 1.5 16V 112cv 2014 12\/2015 Mec\u00e2nico Flex<\/li>\n<li>FORD Fiesta 1.5 16V Sigma 2016 &gt; (Hatch S) Flex<\/li>\n<li>FORD Fiesta 1.6 8V 2004 2015 Gasolina\/Flex<\/li>\n<li>FORD Fiesta 1.6 8V 2004 2015 Gasolina\/Flex<\/li>\n<li>FORD Fiesta 1.6 8V 2001 2005 Street Zetec Rocam Gasolina<\/li>\n<li>FORD Fiesta 1.6 8V 2001 2005 Street Zetec Rocam Gasolina<\/li>\n<li>FORD Fiesta 1.6 8V 1999 2002 Zetec Rocam Gasolina<\/li>\n<li>FORD New Fiesta 1.6 16V Sigma 2013 &gt; Titanium Flex<\/li>\n<li>FORD New Fiesta 1.6 16V Sigma 2016 &gt; Titanium Flex<\/li>\n<li>FORD New Fiesta 1.6 16V Sigma 2010 2013 Mexicano Flex<\/li>\n<li>FORD Ka 1.0 12V 3cil 2016 &gt; TiVCT &#8211; (SE\/SE Plus \/SEL) Flex<\/li>\n<li>FORD Ka 1.0 12V 3cil 2014 2015 TiVCT &#8211; (SE\/SE Plus \/SEL) &#8211; Mec\u00e2nico Flex<\/li>\n<li>FORD Ka 1.0 8V 1997 2007 Gasolina<\/li>\n<li>FORD Ka 1.0 e 1.6 2008 12\/2013 Com filtro de cabine adapt\u00e1vel. Flex<\/li>\n<li>FORD Ka 1.0 1998 1998 Gasolina<\/li>\n<li>FORD Ka 1.3 8V 1997 2000 CLX Gasolina<\/li>\n<li>FORD Ka 1.5 16V Sigma 105cv 2014 2015 (SE \/ SE Plus \/ SEL ) &#8211; Autom\u00e1tico\/ Mec\u00e2nico Flex<\/li>\n<li>FORD Ka 1.5 16V Sigma 2016 &gt; (SE \/ SE Plus \/ SEL) Autom\u00e1tico\/Mec\u00e2nico Flex<\/li>\n<li>FORD Ka 1.5 Dragon 3cil 2019 &gt; (SE \/ SEPlus \/ Trail \/ SEL) Flex<\/li>\n<li>FORD Ka 1.6 8V 2000 2007 Gasolina<\/li>\n<li>FORD Ecosport 1.0 8V 2003 2006 &#8211; Gasolina<\/li>\n<li>FORD Ecosport 1.0 8V 2003 2006 &#8211; Gasolina<\/li>\n<li>FORD Ecosport 1.5 Dragon 2017 &gt; SE \/ Freestyle \/ Plus Flex<\/li>\n<li>FORD Ecosport 1.6 16V 2012 &gt; Freestyle \/ Titanium &#8211; Mec\u00e2nico Flex<\/li>\n<li>FORD Ecosport 1.6 8V 2003 2012 XL \/ XLT Gasolina\/Flex<\/li>\n<li>FORD Ecosport 1.6 8V 2003 2012 XL \/ XLT Gasolina\/Flex<\/li>\n<li>FORD Ecosport 2.0 16V 2007 2012 ( S \/ SE \/ XL \/ XLS \/ XLT ) Flex<\/li>\n<li>FORD Ecosport 2.0 16V 2017 &gt; DURATEC Flex<\/li>\n<li>FORD Ecosport 2.0 16V 2003 2012 4WD \/ XLT Gasolina\/Flex<\/li>\n<li>FORD Ecosport 2.0 01\/2009 &gt; Duratech HE (C\u00e2mbio Autom\u00e1tico) Gasolina<\/li>\n<li>FORD Ecosport 2.0 11\/2006 12\/2008 Duratech HE (C\u00e2mbio Autom\u00e1tico) Gasolina<\/li>\n<li>FORD Ecosport 2.0 03\/2003 2009 Duratech HE (C\u00e2mbio Manual) Gasolina<\/li>\n<li>FORD Ecosport 2.0 03\/2003 2009 Duratech HE (C\u00e2mbio Manual) Gasolina<\/li>\n<li>FORD Focus 1.6 16V Sigma 09\/2013 &gt; (S \/ SE \/ PowerShift) Flex<\/li>\n<li>FORD Focus 1.6 16V Sigma 2014 &gt; (Hatch \/ Sed\u00e3 \/ S \/ SE) Flex<\/li>\n<li>FORD Focus 1.6 8V 2007 2010 Hatch \/ Sed\u00e3 \/ GL \/ GLX &#8211; Mec\u00e2nico Flex<\/li>\n<li>FORD Focus 1.6 8V 2003 2009 Hatch \/ Sedan Gasolina<\/li>\n<li>FORD Focus 1.6L 16V 2009 2013 Sigma Flex<\/li>\n<li>FORD Focus 1.8 16V 2003 2004 Hatch \/ Sed\u00e3 \/ GL \/ GLX &#8211; Mec\u00e2nico Gasolina<\/li>\n<li>FORD Focus 1.8 16V 2000 2005 Hatch \/ Sedan Gasolina<\/li>\n<li>FORD Focus 2.0 16V 2000 2005 DURATEC &#8211; (Hatch \/ Sedan) Gasolina<\/li>\n<li>FORD Focus 2.0 16V 2005 2009 Zetec (Hatch \/ Sedan) Gasolina<\/li>\n<li>FORD Focus 2.0 16V 2003 2009 (Guia \/ Sed\u00e3) Autom\u00e1tico \/ Mec\u00e2nico Gasolina<\/li>\n<li>FORD Focus 2.0 16V 2014 &gt; (SE\/ Titanium) &#8211; Autom\u00e1tico \/ Mec\u00e2nico Flex<\/li>\n<li>FORD Focus 2.0L 16V 2009 2013 Duratec Flex<\/li>\n<li>FORD Ranger 2.3 16V 2007 2012 &#8211; Gasolina<\/li>\n<li>FORD Ranger 2.3 16V 2010 &gt; LIMITED \/ XLT Gasolina<\/li>\n<li>FORD Ranger 2.3 8V 2000 2012 XL R.CAB. Gasolina<\/li>\n<\/ul>\n<p>Possui alguma d\u00favida? Clique <a href=\"https:\/\/wa.me\/+554884223366\">aqui<\/a> e entre em contato atrav\u00e9s do Whatsapp.<\/p>\n","protected":false},"excerpt":{"rendered":"<p>Conte\u00fado do KIT:<\/p>\n<p>4 &#8211;\u00a0 Motorcraft SP 5w30 SP<\/p>\n<p>1 &#8211; Filtro de \u00f3leo Lbm1 Vox<\/p>\n<p>1 &#8211; Etiqueta adesiva Motorcraft para marcar a pr\u00f3xima troca de \u00f3leo<\/p>\n<p>Aten\u00e7\u00e3o: Antes de efetuar a compra confirme se aplica\u00e7\u00e3o esta correta para o seu ve\u00edculo<\/p>\n","protected":false},"featured_media":3520,"comment_status":"open","ping_status":"closed","template":"","meta":[],"product_brand":[],"product_cat":[66,67],"product_tag":[68],"class_list":{"0":"post-2898","1":"product","2":"type-product","3":"status-publish","4":"has-post-thumbnail","6":"product_cat-kits","7":"product_cat-troca-de-oleo-filtro","8":"product_tag-vox","10":"first","11":"instock","12":"sale","13":"shipping-taxable","14":"purchasable","15":"product-type-simple"},"jetpack_sharing_enabled":true,"_links":{"self":[{"href":"https:\/\/xn--topcomerciodepeas-osb.com.br\/index.php?rest_route=\/wp\/v2\/product\/2898","targetHints":{"allow":["GET"]}}],"collection":[{"href":"https:\/\/xn--topcomerciodepeas-osb.com.br\/index.php?rest_route=\/wp\/v2\/product"}],"about":[{"href":"https:\/\/xn--topcomerciodepeas-osb.com.br\/index.php?rest_route=\/wp\/v2\/types\/product"}],"replies":[{"embeddable":true,"href":"https:\/\/xn--topcomerciodepeas-osb.com.br\/index.php?rest_route=%2Fwp%2Fv2%2Fcomments&post=2898"}],"version-history":[{"count":3,"href":"https:\/\/xn--topcomerciodepeas-osb.com.br\/index.php?rest_route=\/wp\/v2\/product\/2898\/revisions"}],"predecessor-version":[{"id":3537,"href":"https:\/\/xn--topcomerciodepeas-osb.com.br\/index.php?rest_route=\/wp\/v2\/product\/2898\/revisions\/3537"}],"wp:featuredmedia":[{"embeddable":true,"href":"https:\/\/xn--topcomerciodepeas-osb.com.br\/index.php?rest_route=\/wp\/v2\/media\/3520"}],"wp:attachment":[{"href":"https:\/\/xn--topcomerciodepeas-osb.com.br\/index.php?rest_route=%2Fwp%2Fv2%2Fmedia&parent=2898"}],"wp:term":[{"taxonomy":"product_brand","embeddable":true,"href":"https:\/\/xn--topcomerciodepeas-osb.com.br\/index.php?rest_route=%2Fwp%2Fv2%2Fproduct_brand&post=2898"},{"taxonomy":"product_cat","embeddable":true,"href":"https:\/\/xn--topcomerciodepeas-osb.com.br\/index.php?rest_route=%2Fwp%2Fv2%2Fproduct_cat&post=2898"},{"taxonomy":"product_tag","embeddable":true,"href":"https:\/\/xn--topcomerciodepeas-osb.com.br\/index.php?rest_route=%2Fwp%2Fv2%2Fproduct_tag&post=2898"}],"curies":[{"name":"wp","href":"https:\/\/api.w.org\/{rel}","templated":true}]}}