{"id":2915,"date":"2024-03-25T21:29:10","date_gmt":"2024-03-26T00:29:10","guid":{"rendered":"https:\/\/xn--topcomerciodepeas-osb.com.br\/?post_type=product&#038;p=2915"},"modified":"2024-05-28T11:33:56","modified_gmt":"2024-05-28T14:33:56","slug":"kit-troca-de-liquido-do-arrefecimento-tec-cool-tirreno-radiador","status":"publish","type":"product","link":"https:\/\/xn--topcomerciodepeas-osb.com.br\/?product=kit-troca-de-liquido-do-arrefecimento-tec-cool-tirreno-radiador","title":{"rendered":"Kit troca de liquido do arrefecimento Tec cool + Tirreno (radiador)"},"content":{"rendered":"<p><strong>Aditivo de Radiador TecCool concentrado NBR13705<\/strong><\/p>\n<p>Indicado para prote\u00e7\u00e3o do sistema de arrefecimento de ve\u00edculos movidos a gasolina, \u00e1lcool e g\u00e1s (GNV).<\/p>\n<p>Aditivo Org\u00e2nico que protege o sistema de arrefecimento contra corros\u00e3o e lubrifica a bomba d\u00b4\u00e1gua. Produto concentrado.<\/p>\n<p><strong>Agua Desmineralizada Tirreno ABNT NBR 14261.<\/strong><\/p>\n<p>Produzida atrav\u00e9s do processo de osmose reversa, a \u00c1gua Desmineralizada Tirreno possui caracter\u00edstica de ultra pureza. Pode ser utilizada na prepara\u00e7\u00e3o de solu\u00e7\u00e3o arrefecedora, na \u00e1gua da bateria, no reservat\u00f3rio do limpador de para-brisas e onde exigir uma \u00e1gua de alta pureza. Evita forma\u00e7\u00e3o de precipitados, baix\u00edssima presen\u00e7a de sais minerais, cloro e ferro e baix\u00edssima condutividade el\u00e9trica. Atende a norma ABNT NBR 14261.<\/p>\n<p>Possui alguma d\u00favida? Clique <a href=\"https:\/\/wa.me\/+554884223366\">aqui<\/a> e entre em contato atrav\u00e9s do Whatsapp.<\/p>\n<p>&nbsp;<\/p>\n","protected":false},"excerpt":{"rendered":"<p>Conte\u00fado do KIT:<\/p>\n<p>3 &#8211; Aditivos de radiador <strong>Tec cool<\/strong> (Escolha entre rosa, verde, amarelo ou azul)<\/p>\n<p>3 &#8211; \u00c1gua desmineralizada <strong>Tirreno<\/strong> (original linha de montagem)<\/p>\n<p>Aten\u00e7\u00e3o: Antes de efetuar a compra confirme se aplica\u00e7\u00e3o esta correta para o seu ve\u00edculo<\/p>\n","protected":false},"featured_media":3503,"comment_status":"open","ping_status":"closed","template":"","meta":[],"product_brand":[],"product_cat":[66,75],"product_tag":[77],"class_list":{"0":"post-2915","1":"product","2":"type-product","3":"status-publish","4":"has-post-thumbnail","6":"product_cat-kits","7":"product_cat-troca-fluido-arrefecimento","8":"product_tag-teccool","10":"first","11":"instock","12":"sale","13":"shipping-taxable","14":"purchasable","15":"product-type-variable"},"jetpack_sharing_enabled":true,"_links":{"self":[{"href":"https:\/\/xn--topcomerciodepeas-osb.com.br\/index.php?rest_route=\/wp\/v2\/product\/2915","targetHints":{"allow":["GET"]}}],"collection":[{"href":"https:\/\/xn--topcomerciodepeas-osb.com.br\/index.php?rest_route=\/wp\/v2\/product"}],"about":[{"href":"https:\/\/xn--topcomerciodepeas-osb.com.br\/index.php?rest_route=\/wp\/v2\/types\/product"}],"replies":[{"embeddable":true,"href":"https:\/\/xn--topcomerciodepeas-osb.com.br\/index.php?rest_route=%2Fwp%2Fv2%2Fcomments&post=2915"}],"version-history":[{"count":3,"href":"https:\/\/xn--topcomerciodepeas-osb.com.br\/index.php?rest_route=\/wp\/v2\/product\/2915\/revisions"}],"predecessor-version":[{"id":2945,"href":"https:\/\/xn--topcomerciodepeas-osb.com.br\/index.php?rest_route=\/wp\/v2\/product\/2915\/revisions\/2945"}],"wp:featuredmedia":[{"embeddable":true,"href":"https:\/\/xn--topcomerciodepeas-osb.com.br\/index.php?rest_route=\/wp\/v2\/media\/3503"}],"wp:attachment":[{"href":"https:\/\/xn--topcomerciodepeas-osb.com.br\/index.php?rest_route=%2Fwp%2Fv2%2Fmedia&parent=2915"}],"wp:term":[{"taxonomy":"product_brand","embeddable":true,"href":"https:\/\/xn--topcomerciodepeas-osb.com.br\/index.php?rest_route=%2Fwp%2Fv2%2Fproduct_brand&post=2915"},{"taxonomy":"product_cat","embeddable":true,"href":"https:\/\/xn--topcomerciodepeas-osb.com.br\/index.php?rest_route=%2Fwp%2Fv2%2Fproduct_cat&post=2915"},{"taxonomy":"product_tag","embeddable":true,"href":"https:\/\/xn--topcomerciodepeas-osb.com.br\/index.php?rest_route=%2Fwp%2Fv2%2Fproduct_tag&post=2915"}],"curies":[{"name":"wp","href":"https:\/\/api.w.org\/{rel}","templated":true}]}}