{"id":2924,"date":"2024-03-26T11:28:43","date_gmt":"2024-03-26T14:28:43","guid":{"rendered":"https:\/\/xn--topcomerciodepeas-osb.com.br\/?post_type=product&#038;p=2924"},"modified":"2025-03-13T10:49:07","modified_gmt":"2025-03-13T13:49:07","slug":"militec-1-200ml","status":"publish","type":"product","link":"https:\/\/xn--topcomerciodepeas-osb.com.br\/?product=militec-1-200ml","title":{"rendered":"Militec-1 200ml"},"content":{"rendered":"<p class=\"has-text-align-center align-center\">MILITEC\u00a01 \u00e9 o\u00a0<strong>primeiro e melhor condicionador de metais do mundo<\/strong>, que protege o seu motor de verdade. Fabricado nos Estados Unidos com um processo \u00fanico e tecnologia exclusiva, MILITEC\u00a01\u00a0<strong>garante a prote\u00e7\u00e3o contra os desgastes<\/strong>\u00a0tanto no dia a dia quanto nas condi\u00e7\u00f5es mais cr\u00edticas de uso e performance.<\/p>\n<p class=\"has-text-align-center align-center\">Cerca de 80% do desgaste do motor acontece na partida a frio devido \u00e0 falta de lubrifica\u00e7\u00e3o moment\u00e2nea. Nesse momento\u00a0<strong>MILITEC\u00a01 garante a prote\u00e7\u00e3o das pe\u00e7as<\/strong>\u00a0pois o produto j\u00e1 est\u00e1 adsorvido no metal.<\/p>\n<p class=\"has-text-align-center align-center\">Ao ser aplicado, MILITEC\u00a01 impregna nas superf\u00edcies met\u00e1licas em atrito do motor. Essa exclusiva tecnologia Dry Impregnated Lubrication,\u00a0<strong>reduz o atrito em at\u00e9 85% e deixa os metais at\u00e9 17 vezes mais resistentes<\/strong>.<\/p>\n<p>Possui alguma d\u00favida? Clique <a href=\"https:\/\/wa.me\/+554884223366\">aqui<\/a> e entre em contato atrav\u00e9s do Whatsapp.<\/p>\n<p>&nbsp;<\/p>\n<p>&nbsp;<\/p>\n<p>&nbsp;<\/p>\n","protected":false},"excerpt":{"rendered":"<p>1 &#8211; Militec-1 200ml<\/p>\n","protected":false},"featured_media":3501,"comment_status":"open","ping_status":"closed","template":"","meta":[],"product_brand":[],"product_cat":[78],"product_tag":[72],"class_list":{"0":"post-2924","1":"product","2":"type-product","3":"status-publish","4":"has-post-thumbnail","6":"product_cat-aditivos-2","7":"product_tag-militec","9":"first","10":"instock","11":"sale","12":"shipping-taxable","13":"purchasable","14":"product-type-simple"},"jetpack_sharing_enabled":true,"_links":{"self":[{"href":"https:\/\/xn--topcomerciodepeas-osb.com.br\/index.php?rest_route=\/wp\/v2\/product\/2924","targetHints":{"allow":["GET"]}}],"collection":[{"href":"https:\/\/xn--topcomerciodepeas-osb.com.br\/index.php?rest_route=\/wp\/v2\/product"}],"about":[{"href":"https:\/\/xn--topcomerciodepeas-osb.com.br\/index.php?rest_route=\/wp\/v2\/types\/product"}],"replies":[{"embeddable":true,"href":"https:\/\/xn--topcomerciodepeas-osb.com.br\/index.php?rest_route=%2Fwp%2Fv2%2Fcomments&post=2924"}],"version-history":[{"count":3,"href":"https:\/\/xn--topcomerciodepeas-osb.com.br\/index.php?rest_route=\/wp\/v2\/product\/2924\/revisions"}],"predecessor-version":[{"id":4101,"href":"https:\/\/xn--topcomerciodepeas-osb.com.br\/index.php?rest_route=\/wp\/v2\/product\/2924\/revisions\/4101"}],"wp:featuredmedia":[{"embeddable":true,"href":"https:\/\/xn--topcomerciodepeas-osb.com.br\/index.php?rest_route=\/wp\/v2\/media\/3501"}],"wp:attachment":[{"href":"https:\/\/xn--topcomerciodepeas-osb.com.br\/index.php?rest_route=%2Fwp%2Fv2%2Fmedia&parent=2924"}],"wp:term":[{"taxonomy":"product_brand","embeddable":true,"href":"https:\/\/xn--topcomerciodepeas-osb.com.br\/index.php?rest_route=%2Fwp%2Fv2%2Fproduct_brand&post=2924"},{"taxonomy":"product_cat","embeddable":true,"href":"https:\/\/xn--topcomerciodepeas-osb.com.br\/index.php?rest_route=%2Fwp%2Fv2%2Fproduct_cat&post=2924"},{"taxonomy":"product_tag","embeddable":true,"href":"https:\/\/xn--topcomerciodepeas-osb.com.br\/index.php?rest_route=%2Fwp%2Fv2%2Fproduct_tag&post=2924"}],"curies":[{"name":"wp","href":"https:\/\/api.w.org\/{rel}","templated":true}]}}