{"id":2939,"date":"2024-03-26T17:50:54","date_gmt":"2024-03-26T20:50:54","guid":{"rendered":"https:\/\/xn--topcomerciodepeas-osb.com.br\/?post_type=product&#038;p=2939"},"modified":"2024-03-26T17:59:36","modified_gmt":"2024-03-26T20:59:36","slug":"flush-transmissao-motul-500ml","status":"publish","type":"product","link":"https:\/\/xn--topcomerciodepeas-osb.com.br\/?product=flush-transmissao-motul-500ml","title":{"rendered":"Flush Transmiss\u00e3o Motul 500ml"},"content":{"rendered":"<p><strong>MOTUL TRANSMISSION CLEAN<\/strong> \u00e9 um limpador de transmiss\u00e3o pr\u00e9-troca desenvolvido para ser usado em todos os tipos de transmiss\u00f5es autom\u00e1ticas, convencionais com conversores de torque (AT), embreagem dupla (DCT) ou transmiss\u00f5es continuamente vari\u00e1veis (CVT). MOTUL TRANSMISSION CLEAN efetivamente limpa os dep\u00f3sitos, borra e vernizes que surgem nos componentes das transmiss\u00f5es. As micropart\u00edculas ser\u00e3o removidas durante o processo de troca do \u00f3leo. MOTUL TRANSMISSION CLEAN proporciona lubrifica\u00e7\u00e3o perfeita durante o processo de limpeza.<\/p>\n<p>Possui alguma d\u00favida? Clique <a href=\"https:\/\/wa.me\/+554884223366\">aqui<\/a> e entre em contato atrav\u00e9s do Whatsapp.<\/p>\n","protected":false},"excerpt":{"rendered":"<p>1 &#8211; MOTUL TRANSMISSION CLEAN<\/p>\n<p>Pode ser usado em qualquer tipo de transmiss\u00e3o autom\u00e1tica.<\/p>\n","protected":false},"featured_media":2940,"comment_status":"open","ping_status":"closed","template":"","meta":[],"product_brand":[],"product_cat":[78],"product_tag":[62],"class_list":{"0":"post-2939","1":"product","2":"type-product","3":"status-publish","4":"has-post-thumbnail","6":"product_cat-aditivos-2","7":"product_tag-motul","9":"first","10":"instock","11":"sale","12":"shipping-taxable","13":"purchasable","14":"product-type-simple"},"jetpack_sharing_enabled":true,"_links":{"self":[{"href":"https:\/\/xn--topcomerciodepeas-osb.com.br\/index.php?rest_route=\/wp\/v2\/product\/2939","targetHints":{"allow":["GET"]}}],"collection":[{"href":"https:\/\/xn--topcomerciodepeas-osb.com.br\/index.php?rest_route=\/wp\/v2\/product"}],"about":[{"href":"https:\/\/xn--topcomerciodepeas-osb.com.br\/index.php?rest_route=\/wp\/v2\/types\/product"}],"replies":[{"embeddable":true,"href":"https:\/\/xn--topcomerciodepeas-osb.com.br\/index.php?rest_route=%2Fwp%2Fv2%2Fcomments&post=2939"}],"version-history":[{"count":3,"href":"https:\/\/xn--topcomerciodepeas-osb.com.br\/index.php?rest_route=\/wp\/v2\/product\/2939\/revisions"}],"predecessor-version":[{"id":2944,"href":"https:\/\/xn--topcomerciodepeas-osb.com.br\/index.php?rest_route=\/wp\/v2\/product\/2939\/revisions\/2944"}],"wp:featuredmedia":[{"embeddable":true,"href":"https:\/\/xn--topcomerciodepeas-osb.com.br\/index.php?rest_route=\/wp\/v2\/media\/2940"}],"wp:attachment":[{"href":"https:\/\/xn--topcomerciodepeas-osb.com.br\/index.php?rest_route=%2Fwp%2Fv2%2Fmedia&parent=2939"}],"wp:term":[{"taxonomy":"product_brand","embeddable":true,"href":"https:\/\/xn--topcomerciodepeas-osb.com.br\/index.php?rest_route=%2Fwp%2Fv2%2Fproduct_brand&post=2939"},{"taxonomy":"product_cat","embeddable":true,"href":"https:\/\/xn--topcomerciodepeas-osb.com.br\/index.php?rest_route=%2Fwp%2Fv2%2Fproduct_cat&post=2939"},{"taxonomy":"product_tag","embeddable":true,"href":"https:\/\/xn--topcomerciodepeas-osb.com.br\/index.php?rest_route=%2Fwp%2Fv2%2Fproduct_tag&post=2939"}],"curies":[{"name":"wp","href":"https:\/\/api.w.org\/{rel}","templated":true}]}}