{"id":2951,"date":"2024-03-27T11:54:46","date_gmt":"2024-03-27T14:54:46","guid":{"rendered":"https:\/\/xn--topcomerciodepeas-osb.com.br\/?post_type=product&#038;p=2951"},"modified":"2024-03-28T08:39:12","modified_gmt":"2024-03-28T11:39:12","slug":"filtro-de-combustivel-toro-renegade-compass-rampage-diesel-2-0","status":"publish","type":"product","link":"https:\/\/xn--topcomerciodepeas-osb.com.br\/?product=filtro-de-combustivel-toro-renegade-compass-rampage-diesel-2-0","title":{"rendered":"Filtro de Combust\u00edvel Toro, Renegade, Compass, Rampage (Diesel 2.0)"},"content":{"rendered":"<p><span data-mce-type=\"bookmark\" style=\"display: inline-block; width: 0px; overflow: hidden; line-height: 0;\" class=\"mce_SELRES_start\"><span data-mce-type=\"bookmark\" style=\"display: inline-block; width: 0px; overflow: hidden; line-height: 0;\" class=\"mce_SELRES_start\">\ufeff<\/span>\ufeff<\/span>APLICA\u00c7\u00c3O:<\/p>\n<p>FIAT TORO 2.0 16V 170CV DIESEL FREEDOM \/ VOLCANO &#8211; 4X4 &#8211; AUTOM\u00c1TICO 2016\/EM DIANTE<\/p>\n<p>JEEP RENEGADE 2.0 16V 170CV DIESEL (SPORT \/ LONGITUDE \/ TRAILHALK) &#8211; AUTOM\u00c1TICO \/ MEC\u00c2NICO 2015\/EM DIANTE<\/p>\n<p>JEEP COMPASS 2.0 DIESEL SPORT \/ LONGITUDE \/ LIMITED \/ TRAILHAWK 2016\/EM DIANTE<\/p>\n<p>NOVA FIAT DUCATO 2.3 DIESEL MULTIJET 2018\/EM DIANTE<\/p>\n<p>A Vox \u00e9 uma renomada fabricante de filtros automotivos, reconhecida por sua qualidade superior. Seus filtros s\u00e3o projetados para garantir m\u00e1xima efici\u00eancia na filtragem de impurezas, proporcionando prote\u00e7\u00e3o confi\u00e1vel para os motores dos ve\u00edculos. Com um compromisso cont\u00ednuo com a excel\u00eancia, a Vox se tornou uma escolha confi\u00e1vel para motoristas e profissionais da ind\u00fastria automotiva em todo o mundo.<\/p>\n<p>Possui alguma d\u00favida? Clique <a href=\"https:\/\/wa.me\/+554884223366\">aqui<\/a> e entre em contato atrav\u00e9s do Whatsapp.<span data-mce-type=\"bookmark\" style=\"display: inline-block; width: 0px; overflow: hidden; line-height: 0;\" class=\"mce_SELRES_end\">\ufeff<\/span><\/p>\n","protected":false},"excerpt":{"rendered":"<p>1 &#8211; Filtro de combust\u00edvel diesel Cod. CE3041 <strong>Vox<\/strong><\/p>\n<p>Aten\u00e7\u00e3o: Antes de efetuar a compra confirme se aplica\u00e7\u00e3o esta correta para o seu ve\u00edculo<\/p>\n","protected":false},"featured_media":2961,"comment_status":"open","ping_status":"closed","template":"","meta":[],"product_brand":[],"product_cat":[39],"product_tag":[68],"class_list":{"0":"post-2951","1":"product","2":"type-product","3":"status-publish","4":"has-post-thumbnail","6":"product_cat-filtros-de-combustivel","7":"product_tag-vox","9":"first","10":"instock","11":"sale","12":"shipping-taxable","13":"purchasable","14":"product-type-simple"},"jetpack_sharing_enabled":true,"_links":{"self":[{"href":"https:\/\/xn--topcomerciodepeas-osb.com.br\/index.php?rest_route=\/wp\/v2\/product\/2951","targetHints":{"allow":["GET"]}}],"collection":[{"href":"https:\/\/xn--topcomerciodepeas-osb.com.br\/index.php?rest_route=\/wp\/v2\/product"}],"about":[{"href":"https:\/\/xn--topcomerciodepeas-osb.com.br\/index.php?rest_route=\/wp\/v2\/types\/product"}],"replies":[{"embeddable":true,"href":"https:\/\/xn--topcomerciodepeas-osb.com.br\/index.php?rest_route=%2Fwp%2Fv2%2Fcomments&post=2951"}],"version-history":[{"count":3,"href":"https:\/\/xn--topcomerciodepeas-osb.com.br\/index.php?rest_route=\/wp\/v2\/product\/2951\/revisions"}],"predecessor-version":[{"id":2953,"href":"https:\/\/xn--topcomerciodepeas-osb.com.br\/index.php?rest_route=\/wp\/v2\/product\/2951\/revisions\/2953"}],"wp:featuredmedia":[{"embeddable":true,"href":"https:\/\/xn--topcomerciodepeas-osb.com.br\/index.php?rest_route=\/wp\/v2\/media\/2961"}],"wp:attachment":[{"href":"https:\/\/xn--topcomerciodepeas-osb.com.br\/index.php?rest_route=%2Fwp%2Fv2%2Fmedia&parent=2951"}],"wp:term":[{"taxonomy":"product_brand","embeddable":true,"href":"https:\/\/xn--topcomerciodepeas-osb.com.br\/index.php?rest_route=%2Fwp%2Fv2%2Fproduct_brand&post=2951"},{"taxonomy":"product_cat","embeddable":true,"href":"https:\/\/xn--topcomerciodepeas-osb.com.br\/index.php?rest_route=%2Fwp%2Fv2%2Fproduct_cat&post=2951"},{"taxonomy":"product_tag","embeddable":true,"href":"https:\/\/xn--topcomerciodepeas-osb.com.br\/index.php?rest_route=%2Fwp%2Fv2%2Fproduct_tag&post=2951"}],"curies":[{"name":"wp","href":"https:\/\/api.w.org\/{rel}","templated":true}]}}