{"id":3829,"date":"2025-02-05T15:47:33","date_gmt":"2025-02-05T18:47:33","guid":{"rendered":"https:\/\/xn--topcomerciodepeas-osb.com.br\/?post_type=product&#038;p=3829"},"modified":"2025-02-05T15:47:57","modified_gmt":"2025-02-05T18:47:57","slug":"filtro-de-ar-do-motor-vox-hlp1659-kicks-versa","status":"publish","type":"product","link":"https:\/\/xn--topcomerciodepeas-osb.com.br\/?product=filtro-de-ar-do-motor-vox-hlp1659-kicks-versa","title":{"rendered":"Filtro de Ar do Motor VOX HLP1659 Kicks, Versa"},"content":{"rendered":"<p>A Vox \u00e9 uma renomada fabricante de filtros automotivos, reconhecida por sua qualidade superior. Seus filtros s\u00e3o projetados para garantir m\u00e1xima efici\u00eancia na filtragem de impurezas, proporcionando prote\u00e7\u00e3o confi\u00e1vel para os motores dos ve\u00edculos. Com um compromisso cont\u00ednuo com a excel\u00eancia, a Vox se tornou uma escolha confi\u00e1vel para motoristas e profissionais da ind\u00fastria automotiva em todo o mundo.<\/p>\n<hr \/>\n<h3><strong>Aplica\u00e7\u00f5es do produto:<\/strong><\/h3>\n<h4><strong>NISSAN<\/strong><\/h4>\n<p>\u2022 <strong>Kicks<\/strong> 1.6 4cil 114cv 2016 &gt; ap\u00f3s<br \/>\n\u2022 <strong>Versa<\/strong> 1.6 16V 114cv 2021 &gt; ap\u00f3s<\/p>\n<hr \/>\n<h3><strong>Convers\u00f5es:<\/strong><\/h3>\n<p>\u2022 <strong>Tecfil<\/strong>: ARL1659<br \/>\n\u2022 <strong>Wega<\/strong>: JFA0137<br \/>\n\u2022 <strong>Fram<\/strong>: CA12315<br \/>\n\u2022 <strong>Japanparts<\/strong>: FABR209S<br \/>\n\u2022 <strong>Vox<\/strong>: HLP1659<br \/>\n\u2022 <strong>Premium Filters<\/strong>: AIP-998<br \/>\n\u2022 <strong>Interfil<\/strong>: F54A65<br \/>\n\u2022 <strong>Franig<\/strong>: HCA5RA0<\/p>\n<hr \/>\n<h3><strong>Possui alguma d\u00favida?<\/strong><\/h3>\n<p><a href=\"http:\/\/contate.me\/topcomerciodepecas\" target=\"_new\" rel=\"noopener\"><strong>Clique aqui<\/strong><\/a> e entre em contato atrav\u00e9s do <strong>WhatsApp<\/strong>.<\/p>\n","protected":false},"excerpt":{"rendered":"<h3><strong>ATEN\u00c7\u00c3O:<\/strong><\/h3>\n<p><strong>ANTES DE COMPRAR, CONFIRA SE O C\u00d3DIGO DE APLICA\u00c7\u00c3O EST\u00c1 CORRETO PARA O SEU VE\u00cdCULO.<\/strong><\/p>\n<p>Em caso de d\u00favidas, <a href=\"http:\/\/contate.me\/topcomerciodepecas\" target=\"_new\" rel=\"noopener\"><strong>clique AQUI<\/strong><\/a> e entre em contato.<\/p>\n<p>&nbsp;<\/p>\n","protected":false},"featured_media":3834,"comment_status":"open","ping_status":"closed","template":"","meta":[],"product_brand":[],"product_cat":[37,40],"product_tag":[68],"class_list":{"0":"post-3829","1":"product","2":"type-product","3":"status-publish","4":"has-post-thumbnail","6":"product_cat-filtros-de-oleo","7":"product_cat-filtros-de-ar-do-motor","8":"product_tag-vox","10":"first","11":"instock","12":"sale","13":"shipping-taxable","14":"purchasable","15":"product-type-simple"},"jetpack_sharing_enabled":true,"_links":{"self":[{"href":"https:\/\/xn--topcomerciodepeas-osb.com.br\/index.php?rest_route=\/wp\/v2\/product\/3829","targetHints":{"allow":["GET"]}}],"collection":[{"href":"https:\/\/xn--topcomerciodepeas-osb.com.br\/index.php?rest_route=\/wp\/v2\/product"}],"about":[{"href":"https:\/\/xn--topcomerciodepeas-osb.com.br\/index.php?rest_route=\/wp\/v2\/types\/product"}],"replies":[{"embeddable":true,"href":"https:\/\/xn--topcomerciodepeas-osb.com.br\/index.php?rest_route=%2Fwp%2Fv2%2Fcomments&post=3829"}],"version-history":[{"count":1,"href":"https:\/\/xn--topcomerciodepeas-osb.com.br\/index.php?rest_route=\/wp\/v2\/product\/3829\/revisions"}],"predecessor-version":[{"id":3835,"href":"https:\/\/xn--topcomerciodepeas-osb.com.br\/index.php?rest_route=\/wp\/v2\/product\/3829\/revisions\/3835"}],"wp:featuredmedia":[{"embeddable":true,"href":"https:\/\/xn--topcomerciodepeas-osb.com.br\/index.php?rest_route=\/wp\/v2\/media\/3834"}],"wp:attachment":[{"href":"https:\/\/xn--topcomerciodepeas-osb.com.br\/index.php?rest_route=%2Fwp%2Fv2%2Fmedia&parent=3829"}],"wp:term":[{"taxonomy":"product_brand","embeddable":true,"href":"https:\/\/xn--topcomerciodepeas-osb.com.br\/index.php?rest_route=%2Fwp%2Fv2%2Fproduct_brand&post=3829"},{"taxonomy":"product_cat","embeddable":true,"href":"https:\/\/xn--topcomerciodepeas-osb.com.br\/index.php?rest_route=%2Fwp%2Fv2%2Fproduct_cat&post=3829"},{"taxonomy":"product_tag","embeddable":true,"href":"https:\/\/xn--topcomerciodepeas-osb.com.br\/index.php?rest_route=%2Fwp%2Fv2%2Fproduct_tag&post=3829"}],"curies":[{"name":"wp","href":"https:\/\/api.w.org\/{rel}","templated":true}]}}