{"id":3836,"date":"2025-02-06T10:48:54","date_gmt":"2025-02-06T13:48:54","guid":{"rendered":"https:\/\/xn--topcomerciodepeas-osb.com.br\/?post_type=product&#038;p=3836"},"modified":"2025-02-06T10:59:24","modified_gmt":"2025-02-06T13:59:24","slug":"kit-lavagem-automotiva-cadillac-shampoo-monster-luva-de-microfibra","status":"publish","type":"product","link":"https:\/\/xn--topcomerciodepeas-osb.com.br\/?product=kit-lavagem-automotiva-cadillac-shampoo-monster-luva-de-microfibra","title":{"rendered":"Kit Lavagem Automotiva Cadillac. Shampoo Monster + Luva de Microfibra"},"content":{"rendered":"<h3><strong>Detalhes dos Produtos:<\/strong><\/h3>\n<h4><strong>Shampoo Cadillac Monster \u2013 Lava Autos Super Concentrado<\/strong><\/h4>\n<p>O <strong>Cadillac Monster<\/strong> \u00e9 um shampoo automotivo de <strong>alto poder de espuma<\/strong>, ideal para remover toda a sujeira do exterior do ve\u00edculo de forma eficiente e segura. Sua f\u00f3rmula cont\u00e9m <strong>tensoativos biodegrad\u00e1veis<\/strong>, possui <strong>pH neutro<\/strong> e <strong>n\u00e3o remove ceras<\/strong>, garantindo uma limpeza eficaz sem comprometer a prote\u00e7\u00e3o da pintura.<\/p>\n<p>\ud83d\udd39 <strong>pH neutro<\/strong><br \/>\n\ud83d\udd39 <strong>Dilui\u00e7\u00e3o:<\/strong> 1:300<br \/>\n\ud83d\udd39 <strong>N\u00e3o remove ceras<\/strong><\/p>\n<hr \/>\n<h4><strong>Luva de Microfibra Supreme<\/strong><\/h4>\n<p>A <strong>Luva de Microfibra Supreme<\/strong> \u00e9 a solu\u00e7\u00e3o ideal para uma lavagem automotiva de alta qualidade. Seus tent\u00e1culos de microfibra removem a sujeira <strong>sem causar riscos ou arranh\u00f5es<\/strong>, proporcionando um acabamento perfeito. Al\u00e9m disso, \u00e9 <strong>leve, confort\u00e1vel e altamente absorvente<\/strong>, garantindo um desempenho superior na reten\u00e7\u00e3o de \u00e1gua e espuma.<\/p>\n<p>\ud83d\udd39 <strong>N\u00e3o risca a pintura<\/strong><br \/>\n\ud83d\udd39 <strong>Alta absor\u00e7\u00e3o de \u00e1gua e espuma<\/strong><br \/>\n\ud83d\udd39 <strong>Reutiliz\u00e1vel por centenas de lavagens<\/strong><\/p>\n<hr \/>\n<h3><strong>Possui alguma d\u00favida?<\/strong><\/h3>\n<p><a target=\"_new\" rel=\"noopener\"><strong>Clique aqui<\/strong><\/a> e entre em contato atrav\u00e9s do <strong>WhatsApp<\/strong>.<\/p>\n","protected":false},"excerpt":{"rendered":"<h3><strong>Descri\u00e7\u00e3o do Kit:<\/strong><\/h3>\n<p>\u2714 <strong>1 Cadillac Monster 500ml<\/strong> \u2013 Lava Autos Super Concentrado<br \/>\n\u2714 <strong>1 Luva de Microfibra Supreme<\/strong><\/p>\n","protected":false},"featured_media":3838,"comment_status":"open","ping_status":"closed","template":"","meta":[],"product_brand":[],"product_cat":[51,80],"product_tag":[82],"class_list":{"0":"post-3836","1":"product","2":"type-product","3":"status-publish","4":"has-post-thumbnail","6":"product_cat-estetica-automotiva","7":"product_cat-kitestetica","8":"product_tag-cadillac","10":"first","11":"instock","12":"sale","13":"shipping-taxable","14":"purchasable","15":"product-type-simple"},"jetpack_sharing_enabled":true,"_links":{"self":[{"href":"https:\/\/xn--topcomerciodepeas-osb.com.br\/index.php?rest_route=\/wp\/v2\/product\/3836","targetHints":{"allow":["GET"]}}],"collection":[{"href":"https:\/\/xn--topcomerciodepeas-osb.com.br\/index.php?rest_route=\/wp\/v2\/product"}],"about":[{"href":"https:\/\/xn--topcomerciodepeas-osb.com.br\/index.php?rest_route=\/wp\/v2\/types\/product"}],"replies":[{"embeddable":true,"href":"https:\/\/xn--topcomerciodepeas-osb.com.br\/index.php?rest_route=%2Fwp%2Fv2%2Fcomments&post=3836"}],"version-history":[{"count":1,"href":"https:\/\/xn--topcomerciodepeas-osb.com.br\/index.php?rest_route=\/wp\/v2\/product\/3836\/revisions"}],"predecessor-version":[{"id":3837,"href":"https:\/\/xn--topcomerciodepeas-osb.com.br\/index.php?rest_route=\/wp\/v2\/product\/3836\/revisions\/3837"}],"wp:featuredmedia":[{"embeddable":true,"href":"https:\/\/xn--topcomerciodepeas-osb.com.br\/index.php?rest_route=\/wp\/v2\/media\/3838"}],"wp:attachment":[{"href":"https:\/\/xn--topcomerciodepeas-osb.com.br\/index.php?rest_route=%2Fwp%2Fv2%2Fmedia&parent=3836"}],"wp:term":[{"taxonomy":"product_brand","embeddable":true,"href":"https:\/\/xn--topcomerciodepeas-osb.com.br\/index.php?rest_route=%2Fwp%2Fv2%2Fproduct_brand&post=3836"},{"taxonomy":"product_cat","embeddable":true,"href":"https:\/\/xn--topcomerciodepeas-osb.com.br\/index.php?rest_route=%2Fwp%2Fv2%2Fproduct_cat&post=3836"},{"taxonomy":"product_tag","embeddable":true,"href":"https:\/\/xn--topcomerciodepeas-osb.com.br\/index.php?rest_route=%2Fwp%2Fv2%2Fproduct_tag&post=3836"}],"curies":[{"name":"wp","href":"https:\/\/api.w.org\/{rel}","templated":true}]}}