{"id":3842,"date":"2025-02-13T10:51:01","date_gmt":"2025-02-13T13:51:01","guid":{"rendered":"https:\/\/xn--topcomerciodepeas-osb.com.br\/?post_type=product&#038;p=3842"},"modified":"2025-02-13T10:52:45","modified_gmt":"2025-02-13T13:52:45","slug":"kit-pneu-pretinho-cadillac-black-magic-aplicador","status":"publish","type":"product","link":"https:\/\/xn--topcomerciodepeas-osb.com.br\/?product=kit-pneu-pretinho-cadillac-black-magic-aplicador","title":{"rendered":"Kit Pneu Pretinho Cadillac \u2013 Black Magic + Aplicador"},"content":{"rendered":"<h3 data-start=\"310\" data-end=\"342\"><strong data-start=\"314\" data-end=\"340\">Detalhes dos Produtos:<\/strong><\/h3>\n<h4 data-start=\"344\" data-end=\"391\"><strong data-start=\"349\" data-end=\"389\">Black Magic \u2013 Revitalizador de Pneus<\/strong><\/h4>\n<p data-start=\"392\" data-end=\"717\">O <strong data-start=\"394\" data-end=\"418\">Black Magic Cadillac<\/strong> \u00e9 um revitalizador nobre que proporciona <strong data-start=\"460\" data-end=\"497\">brilho intenso com efeito molhado<\/strong> e duradouro. Sua f\u00f3rmula de <strong data-start=\"526\" data-end=\"546\">alta performance<\/strong> evita a ader\u00eancia de sujeiras, oferece resist\u00eancia superior em dias chuvosos e prolonga o cuidado com os pneus, mantendo-os com apar\u00eancia de novos por muito mais tempo.<\/p>\n<p data-start=\"719\" data-end=\"847\">\ud83d\udd39 <strong data-start=\"722\" data-end=\"761\">Brilho molhado, intenso e duradouro<\/strong><br data-start=\"761\" data-end=\"764\" \/>\ud83d\udd39 <strong data-start=\"767\" data-end=\"799\">Resistente \u00e0 \u00e1gua e sujeiras<\/strong><br data-start=\"799\" data-end=\"802\" \/>\ud83d\udd39 <strong data-start=\"805\" data-end=\"845\">Longa dura\u00e7\u00e3o mesmo em dias chuvosos<\/strong><\/p>\n<hr data-start=\"849\" data-end=\"852\" \/>\n<h4 data-start=\"854\" data-end=\"909\"><strong data-start=\"859\" data-end=\"907\">Aplicador de Revitalizador de Pneus Cadillac<\/strong><\/h4>\n<p data-start=\"910\" data-end=\"1269\">O <strong data-start=\"912\" data-end=\"934\">Aplicador Cadillac<\/strong> foi projetado para facilitar a aplica\u00e7\u00e3o de <strong data-start=\"979\" data-end=\"1025\">pneu pretinho, silicones e revitalizadores<\/strong> de pneus. Com uma base pl\u00e1stica que evita o contato direto com o produto, proporciona uma aplica\u00e7\u00e3o pr\u00e1tica, limpa e uniforme. Sua espuma de alta qualidade garante um acabamento impec\u00e1vel, oferecendo <strong data-start=\"1226\" data-end=\"1238\">economia<\/strong> e praticidade durante o uso.<\/p>\n<p data-start=\"1271\" data-end=\"1396\">\ud83d\udd39 <strong data-start=\"1274\" data-end=\"1315\">Espuma ideal para acabamento perfeito<\/strong><br data-start=\"1315\" data-end=\"1318\" \/>\ud83d\udd39 <strong data-start=\"1321\" data-end=\"1347\">Evita sujeira nas m\u00e3os<\/strong><br data-start=\"1347\" data-end=\"1350\" \/>\ud83d\udd39 <strong data-start=\"1353\" data-end=\"1394\">Economiza produto durante a aplica\u00e7\u00e3o<\/strong><\/p>\n<hr data-start=\"1398\" data-end=\"1401\" \/>\n<h3 data-start=\"1403\" data-end=\"1434\"><strong data-start=\"1407\" data-end=\"1432\">Possui alguma d\u00favida?<\/strong><\/h3>\n<p data-start=\"1435\" data-end=\"1533\"><a href=\"https:\/\/contate.me\/topcomerciodepecas\"><strong data-start=\"1436\" data-end=\"1451\">Clique aqui<\/strong><\/a> e entre em contato atrav\u00e9s do <strong data-start=\"1518\" data-end=\"1530\">WhatsApp<\/strong>.<\/p>\n","protected":false},"excerpt":{"rendered":"<p>\u2714 <strong data-start=\"198\" data-end=\"230\">1 Black Magic Cadillac 200ml<\/strong> \u2013 Revitalizador de Pneus<br data-start=\"255\" data-end=\"258\" \/>\u2714 <strong data-start=\"260\" data-end=\"301\">1 Aplicador de Revitalizador de Pneus<\/strong><\/p>\n","protected":false},"featured_media":3845,"comment_status":"open","ping_status":"closed","template":"","meta":[],"product_brand":[],"product_cat":[52,51,80,83],"product_tag":[82],"class_list":{"0":"post-3842","1":"product","2":"type-product","3":"status-publish","4":"has-post-thumbnail","6":"product_cat-cheirinhos","7":"product_cat-estetica-automotiva","8":"product_cat-kitestetica","9":"product_cat-pretinho-pneu","10":"product_tag-cadillac","12":"first","13":"instock","14":"sale","15":"shipping-taxable","16":"purchasable","17":"product-type-simple"},"jetpack_sharing_enabled":true,"_links":{"self":[{"href":"https:\/\/xn--topcomerciodepeas-osb.com.br\/index.php?rest_route=\/wp\/v2\/product\/3842","targetHints":{"allow":["GET"]}}],"collection":[{"href":"https:\/\/xn--topcomerciodepeas-osb.com.br\/index.php?rest_route=\/wp\/v2\/product"}],"about":[{"href":"https:\/\/xn--topcomerciodepeas-osb.com.br\/index.php?rest_route=\/wp\/v2\/types\/product"}],"replies":[{"embeddable":true,"href":"https:\/\/xn--topcomerciodepeas-osb.com.br\/index.php?rest_route=%2Fwp%2Fv2%2Fcomments&post=3842"}],"version-history":[{"count":1,"href":"https:\/\/xn--topcomerciodepeas-osb.com.br\/index.php?rest_route=\/wp\/v2\/product\/3842\/revisions"}],"predecessor-version":[{"id":3847,"href":"https:\/\/xn--topcomerciodepeas-osb.com.br\/index.php?rest_route=\/wp\/v2\/product\/3842\/revisions\/3847"}],"wp:featuredmedia":[{"embeddable":true,"href":"https:\/\/xn--topcomerciodepeas-osb.com.br\/index.php?rest_route=\/wp\/v2\/media\/3845"}],"wp:attachment":[{"href":"https:\/\/xn--topcomerciodepeas-osb.com.br\/index.php?rest_route=%2Fwp%2Fv2%2Fmedia&parent=3842"}],"wp:term":[{"taxonomy":"product_brand","embeddable":true,"href":"https:\/\/xn--topcomerciodepeas-osb.com.br\/index.php?rest_route=%2Fwp%2Fv2%2Fproduct_brand&post=3842"},{"taxonomy":"product_cat","embeddable":true,"href":"https:\/\/xn--topcomerciodepeas-osb.com.br\/index.php?rest_route=%2Fwp%2Fv2%2Fproduct_cat&post=3842"},{"taxonomy":"product_tag","embeddable":true,"href":"https:\/\/xn--topcomerciodepeas-osb.com.br\/index.php?rest_route=%2Fwp%2Fv2%2Fproduct_tag&post=3842"}],"curies":[{"name":"wp","href":"https:\/\/api.w.org\/{rel}","templated":true}]}}