{"id":3848,"date":"2025-02-13T11:14:19","date_gmt":"2025-02-13T14:14:19","guid":{"rendered":"https:\/\/xn--topcomerciodepeas-osb.com.br\/?post_type=product&#038;p=3848"},"modified":"2025-02-13T11:35:50","modified_gmt":"2025-02-13T14:35:50","slug":"kit-couro-cadillac-limpa-couro-tratamento-de-couro","status":"publish","type":"product","link":"https:\/\/xn--topcomerciodepeas-osb.com.br\/?product=kit-couro-cadillac-limpa-couro-tratamento-de-couro","title":{"rendered":"Kit Couro Cadillac \u2013 Limpa Couro + Tratamento de Couro"},"content":{"rendered":"<h3 data-start=\"389\" data-end=\"421\"><strong data-start=\"393\" data-end=\"419\">Detalhes dos Produtos:<\/strong><\/h3>\n<h4 data-start=\"423\" data-end=\"477\"><strong data-start=\"428\" data-end=\"475\">Limpa Couro Cadillac \u2013 Limpador para Couros<\/strong><\/h4>\n<p data-start=\"478\" data-end=\"829\">O <strong data-start=\"480\" data-end=\"504\">Limpa Couro Cadillac<\/strong> oferece uma limpeza eficaz e segura para <strong data-start=\"546\" data-end=\"578\">couros naturais e sint\u00e9ticos<\/strong>. Sua f\u00f3rmula com agentes limpantes de \u00faltima gera\u00e7\u00e3o emulsiona as sujeiras e as remove por completo, deixando a superf\u00edcie impec\u00e1vel. Al\u00e9m disso, proporciona um agrad\u00e1vel <strong data-start=\"750\" data-end=\"773\">aroma de couro novo<\/strong>, tornando o processo de limpeza ainda mais prazeroso.<\/p>\n<p data-start=\"831\" data-end=\"964\">\ud83d\udd39 <strong data-start=\"834\" data-end=\"873\">Seguro para todos os tipos de couro<\/strong><br data-start=\"873\" data-end=\"876\" \/>\ud83d\udd39 <strong data-start=\"879\" data-end=\"923\">Emulsiona e remove sujeiras com efic\u00e1cia<\/strong><br data-start=\"923\" data-end=\"926\" \/>\ud83d\udd39 <strong data-start=\"929\" data-end=\"962\">Aroma agrad\u00e1vel de couro novo<\/strong><\/p>\n<hr data-start=\"966\" data-end=\"969\" \/>\n<h4 data-start=\"971\" data-end=\"1032\"><strong data-start=\"976\" data-end=\"1030\">Tratamento de Couro Cadillac \u2013 Hidratante de Couro<\/strong><\/h4>\n<p data-start=\"1033\" data-end=\"1305\">O <strong data-start=\"1035\" data-end=\"1068\">Tratamento de Couro Cadillac\u00ae<\/strong> hidrata e conserva a originalidade dos materiais de couro, gra\u00e7as \u00e0 sua <strong data-start=\"1141\" data-end=\"1175\">f\u00f3rmula balanceada e inovadora<\/strong>. O resultado \u00e9 um couro protegido, revitalizado e com aspecto original, al\u00e9m de exalar um delicioso <strong data-start=\"1276\" data-end=\"1302\">aroma de couro natural<\/strong>.<\/p>\n<p data-start=\"1307\" data-end=\"1431\">\ud83d\udd39 <strong data-start=\"1310\" data-end=\"1342\">Revitaliza e protege o couro<\/strong><br data-start=\"1342\" data-end=\"1345\" \/>\ud83d\udd39 <strong data-start=\"1348\" data-end=\"1387\">Preserva a est\u00e9tica e originalidade<\/strong><br data-start=\"1387\" data-end=\"1390\" \/>\ud83d\udd39 <strong data-start=\"1393\" data-end=\"1429\">Aroma agrad\u00e1vel de couro natural<\/strong><\/p>\n<hr data-start=\"1433\" data-end=\"1436\" \/>\n<h3 data-start=\"1438\" data-end=\"1469\"><strong data-start=\"1442\" data-end=\"1467\">Possui alguma d\u00favida?<\/strong><\/h3>\n<p data-start=\"1470\" data-end=\"1568\"><a href=\"https:\/\/contate.me\/topcomerciodepecas\"><strong data-start=\"1471\" data-end=\"1486\">Clique aqui<\/strong> <\/a>e entre em contato atrav\u00e9s do <strong data-start=\"1553\" data-end=\"1565\">WhatsApp<\/strong>.<\/p>\n","protected":false},"excerpt":{"rendered":"<p>\u2714 <strong data-start=\"258\" data-end=\"290\">1 Limpa Couro Cadillac 500ml<\/strong> \u2013 Limpador para Couros<br data-start=\"313\" data-end=\"316\" \/>\u2714 <strong data-start=\"318\" data-end=\"358\">1 Tratamento de Couro Cadillac 200ml<\/strong> \u2013 Hidratante de Couro<\/p>\n","protected":false},"featured_media":3860,"comment_status":"open","ping_status":"closed","template":"","meta":[],"product_brand":[],"product_cat":[84,51,80],"product_tag":[82],"class_list":{"0":"post-3848","1":"product","2":"type-product","3":"status-publish","4":"has-post-thumbnail","6":"product_cat-couro","7":"product_cat-estetica-automotiva","8":"product_cat-kitestetica","9":"product_tag-cadillac","11":"first","12":"instock","13":"sale","14":"shipping-taxable","15":"purchasable","16":"product-type-simple"},"jetpack_sharing_enabled":true,"_links":{"self":[{"href":"https:\/\/xn--topcomerciodepeas-osb.com.br\/index.php?rest_route=\/wp\/v2\/product\/3848","targetHints":{"allow":["GET"]}}],"collection":[{"href":"https:\/\/xn--topcomerciodepeas-osb.com.br\/index.php?rest_route=\/wp\/v2\/product"}],"about":[{"href":"https:\/\/xn--topcomerciodepeas-osb.com.br\/index.php?rest_route=\/wp\/v2\/types\/product"}],"replies":[{"embeddable":true,"href":"https:\/\/xn--topcomerciodepeas-osb.com.br\/index.php?rest_route=%2Fwp%2Fv2%2Fcomments&post=3848"}],"version-history":[{"count":1,"href":"https:\/\/xn--topcomerciodepeas-osb.com.br\/index.php?rest_route=\/wp\/v2\/product\/3848\/revisions"}],"predecessor-version":[{"id":3852,"href":"https:\/\/xn--topcomerciodepeas-osb.com.br\/index.php?rest_route=\/wp\/v2\/product\/3848\/revisions\/3852"}],"wp:featuredmedia":[{"embeddable":true,"href":"https:\/\/xn--topcomerciodepeas-osb.com.br\/index.php?rest_route=\/wp\/v2\/media\/3860"}],"wp:attachment":[{"href":"https:\/\/xn--topcomerciodepeas-osb.com.br\/index.php?rest_route=%2Fwp%2Fv2%2Fmedia&parent=3848"}],"wp:term":[{"taxonomy":"product_brand","embeddable":true,"href":"https:\/\/xn--topcomerciodepeas-osb.com.br\/index.php?rest_route=%2Fwp%2Fv2%2Fproduct_brand&post=3848"},{"taxonomy":"product_cat","embeddable":true,"href":"https:\/\/xn--topcomerciodepeas-osb.com.br\/index.php?rest_route=%2Fwp%2Fv2%2Fproduct_cat&post=3848"},{"taxonomy":"product_tag","embeddable":true,"href":"https:\/\/xn--topcomerciodepeas-osb.com.br\/index.php?rest_route=%2Fwp%2Fv2%2Fproduct_tag&post=3848"}],"curies":[{"name":"wp","href":"https:\/\/api.w.org\/{rel}","templated":true}]}}