{"id":3853,"date":"2025-02-13T11:29:18","date_gmt":"2025-02-13T14:29:18","guid":{"rendered":"https:\/\/xn--topcomerciodepeas-osb.com.br\/?post_type=product&#038;p=3853"},"modified":"2025-02-13T11:30:25","modified_gmt":"2025-02-13T14:30:25","slug":"kit-duo-cera-cadillac-cleaner-wax-gran-finale-spray","status":"publish","type":"product","link":"https:\/\/xn--topcomerciodepeas-osb.com.br\/?product=kit-duo-cera-cadillac-cleaner-wax-gran-finale-spray","title":{"rendered":"Kit Duo Cera Cadillac \u2013 Cleaner Wax + Gran Finale Spray"},"content":{"rendered":"<h3 data-start=\"434\" data-end=\"466\"><strong data-start=\"438\" data-end=\"464\">Detalhes dos Produtos:<\/strong><\/h3>\n<h4 data-start=\"468\" data-end=\"528\"><strong data-start=\"473\" data-end=\"526\">Cleaner Wax Cadillac \u2013 Cera Limpadora de Carna\u00faba<\/strong><\/h4>\n<p data-start=\"529\" data-end=\"865\">A <strong data-start=\"531\" data-end=\"556\">Cleaner Wax Cadillac\u00ae<\/strong> \u00e9 formulada com <strong data-start=\"573\" data-end=\"601\">carna\u00faba tipo exporta\u00e7\u00e3o<\/strong> e mat\u00e9rias-primas de alta qualidade, devolvendo o glamour, beleza e eleg\u00e2ncia \u00e0 pintura do seu ve\u00edculo. Proporciona <strong data-start=\"718\" data-end=\"754\">brilho intenso, efeito refletivo<\/strong> e uma camada protetora sobre o verniz, garantindo <strong data-start=\"805\" data-end=\"826\">impermeabiliza\u00e7\u00e3o<\/strong> e <strong data-start=\"829\" data-end=\"862\">antiader\u00eancia contra sujeiras<\/strong>.<\/p>\n<p data-start=\"867\" data-end=\"999\">\ud83d\udd39 <strong data-start=\"870\" data-end=\"907\">Brilho intenso e efeito refletivo<\/strong><br data-start=\"907\" data-end=\"910\" \/>\ud83d\udd39 <strong data-start=\"913\" data-end=\"959\">Prote\u00e7\u00e3o impermeabilizante contra sujeiras<\/strong><br data-start=\"959\" data-end=\"962\" \/>\ud83d\udd39 <strong data-start=\"965\" data-end=\"997\">Com carna\u00faba tipo exporta\u00e7\u00e3o<\/strong><\/p>\n<hr data-start=\"1001\" data-end=\"1004\" \/>\n<h4 data-start=\"1006\" data-end=\"1076\"><strong data-start=\"1011\" data-end=\"1074\">Gran Finale Cadillac \u2013 Cera H\u00edbrida de Pol\u00edmeros Sint\u00e9ticos<\/strong><\/h4>\n<p data-start=\"1077\" data-end=\"1422\">A <strong data-start=\"1079\" data-end=\"1100\">Gran Finale Spray<\/strong> representa a evolu\u00e7\u00e3o das ceras automotivas, com <strong data-start=\"1150\" data-end=\"1192\">pol\u00edmeros sint\u00e9ticos de \u00faltima gera\u00e7\u00e3o<\/strong> que garantem <strong data-start=\"1206\" data-end=\"1233\">prote\u00e7\u00e3o de at\u00e9 4 meses<\/strong>, resist\u00eancia a qu\u00edmicos, prote\u00e7\u00e3o UV e repel\u00eancia superior \u00e0 \u00e1gua. Combinada com <strong data-start=\"1315\" data-end=\"1351\">cera de carna\u00faba tipo exporta\u00e7\u00e3o<\/strong> e <strong data-start=\"1354\" data-end=\"1372\">cera de abelha<\/strong>, proporciona <strong data-start=\"1386\" data-end=\"1419\">brilho intenso e cor vibrante<\/strong>.<\/p>\n<p data-start=\"1424\" data-end=\"1556\">\ud83d\udd39 <strong data-start=\"1427\" data-end=\"1464\">Prote\u00e7\u00e3o duradoura de at\u00e9 4 meses<\/strong><br data-start=\"1464\" data-end=\"1467\" \/>\ud83d\udd39 <strong data-start=\"1470\" data-end=\"1510\">Resist\u00eancia a qu\u00edmicos e prote\u00e7\u00e3o UV<\/strong><br data-start=\"1510\" data-end=\"1513\" \/>\ud83d\udd39 <strong data-start=\"1516\" data-end=\"1554\">Aplica\u00e7\u00e3o r\u00e1pida sem tempo de cura<\/strong><\/p>\n<hr data-start=\"1558\" data-end=\"1561\" \/>\n<h3 data-start=\"1563\" data-end=\"1594\"><strong data-start=\"1567\" data-end=\"1592\">Possui alguma d\u00favida?<\/strong><\/h3>\n<p data-start=\"1595\" data-end=\"1693\"><strong data-start=\"1596\" data-end=\"1611\">Clique aqui<\/strong> e entre em contato atrav\u00e9s do <strong data-start=\"1678\" data-end=\"1690\">WhatsApp<\/strong>.<\/p>\n","protected":false},"excerpt":{"rendered":"<p>\u2714 <strong data-start=\"259\" data-end=\"309\">1 Cera Cleaner Wax Cadillac 150g com aplicador<\/strong> \u2013 Cera Limpadora de Carna\u00faba<br data-start=\"338\" data-end=\"341\" \/>\u2714 <strong data-start=\"343\" data-end=\"386\">1 Cera Cadillac Gran Finale Spray 500ml<\/strong> \u2013 Cera H\u00edbrida de Pol\u00edmeros Sint\u00e9ticos<\/p>\n","protected":false},"featured_media":3856,"comment_status":"open","ping_status":"closed","template":"","meta":[],"product_brand":[],"product_cat":[53,51,80],"product_tag":[82],"class_list":{"0":"post-3853","1":"product","2":"type-product","3":"status-publish","4":"has-post-thumbnail","6":"product_cat-cera","7":"product_cat-estetica-automotiva","8":"product_cat-kitestetica","9":"product_tag-cadillac","11":"first","12":"instock","13":"sale","14":"shipping-taxable","15":"purchasable","16":"product-type-simple"},"jetpack_sharing_enabled":true,"_links":{"self":[{"href":"https:\/\/xn--topcomerciodepeas-osb.com.br\/index.php?rest_route=\/wp\/v2\/product\/3853","targetHints":{"allow":["GET"]}}],"collection":[{"href":"https:\/\/xn--topcomerciodepeas-osb.com.br\/index.php?rest_route=\/wp\/v2\/product"}],"about":[{"href":"https:\/\/xn--topcomerciodepeas-osb.com.br\/index.php?rest_route=\/wp\/v2\/types\/product"}],"replies":[{"embeddable":true,"href":"https:\/\/xn--topcomerciodepeas-osb.com.br\/index.php?rest_route=%2Fwp%2Fv2%2Fcomments&post=3853"}],"version-history":[{"count":2,"href":"https:\/\/xn--topcomerciodepeas-osb.com.br\/index.php?rest_route=\/wp\/v2\/product\/3853\/revisions"}],"predecessor-version":[{"id":3861,"href":"https:\/\/xn--topcomerciodepeas-osb.com.br\/index.php?rest_route=\/wp\/v2\/product\/3853\/revisions\/3861"}],"wp:featuredmedia":[{"embeddable":true,"href":"https:\/\/xn--topcomerciodepeas-osb.com.br\/index.php?rest_route=\/wp\/v2\/media\/3856"}],"wp:attachment":[{"href":"https:\/\/xn--topcomerciodepeas-osb.com.br\/index.php?rest_route=%2Fwp%2Fv2%2Fmedia&parent=3853"}],"wp:term":[{"taxonomy":"product_brand","embeddable":true,"href":"https:\/\/xn--topcomerciodepeas-osb.com.br\/index.php?rest_route=%2Fwp%2Fv2%2Fproduct_brand&post=3853"},{"taxonomy":"product_cat","embeddable":true,"href":"https:\/\/xn--topcomerciodepeas-osb.com.br\/index.php?rest_route=%2Fwp%2Fv2%2Fproduct_cat&post=3853"},{"taxonomy":"product_tag","embeddable":true,"href":"https:\/\/xn--topcomerciodepeas-osb.com.br\/index.php?rest_route=%2Fwp%2Fv2%2Fproduct_tag&post=3853"}],"curies":[{"name":"wp","href":"https:\/\/api.w.org\/{rel}","templated":true}]}}