{"id":3862,"date":"2025-02-13T12:19:36","date_gmt":"2025-02-13T15:19:36","guid":{"rendered":"https:\/\/xn--topcomerciodepeas-osb.com.br\/?post_type=product&#038;p=3862"},"modified":"2025-02-13T12:19:36","modified_gmt":"2025-02-13T15:19:36","slug":"kit-duo-shampoo-automotive-high-shine-monster-super-concentrado","status":"publish","type":"product","link":"https:\/\/xn--topcomerciodepeas-osb.com.br\/?product=kit-duo-shampoo-automotive-high-shine-monster-super-concentrado","title":{"rendered":"Kit Duo Shampoo Automotive \u2013 High Shine + Monster Super Concentrado"},"content":{"rendered":"<h3 data-start=\"405\" data-end=\"437\"><strong data-start=\"409\" data-end=\"435\">Detalhes dos Produtos:<\/strong><\/h3>\n<h4 data-start=\"439\" data-end=\"482\"><strong data-start=\"444\" data-end=\"480\">High Shine \u2013 Lava Autos com Cera<\/strong><\/h4>\n<p data-start=\"483\" data-end=\"818\">O <strong data-start=\"485\" data-end=\"507\">Shampoo High Shine<\/strong> oferece uma limpeza eficiente com o diferencial de conter <strong data-start=\"566\" data-end=\"594\">ceras nobres e especiais<\/strong>, que devolvem o brilho e o reflexo \u00e0 pintura do ve\u00edculo, deixando um <strong data-start=\"664\" data-end=\"683\">toque aveludado<\/strong>. Sua f\u00f3rmula com <strong data-start=\"701\" data-end=\"731\">tensoativos biodegrad\u00e1veis<\/strong> dissolve sujeiras e fuligens com facilidade, proporcionando um acabamento impec\u00e1vel.<\/p>\n<p data-start=\"820\" data-end=\"924\">\ud83d\udd39 <strong data-start=\"823\" data-end=\"855\">Limpa e abrilhanta a pintura<\/strong><br data-start=\"855\" data-end=\"858\" \/>\ud83d\udd39 <strong data-start=\"861\" data-end=\"897\">Toque aveludado e brilho intenso<\/strong><br data-start=\"897\" data-end=\"900\" \/>\ud83d\udd39 <strong data-start=\"903\" data-end=\"916\">Dilui\u00e7\u00e3o:<\/strong> 1:200<\/p>\n<hr data-start=\"926\" data-end=\"929\" \/>\n<h4 data-start=\"931\" data-end=\"980\"><strong data-start=\"936\" data-end=\"978\">Monster \u2013 Lava Autos Super Concentrado<\/strong><\/h4>\n<p data-start=\"981\" data-end=\"1239\">O <strong data-start=\"983\" data-end=\"1012\">Monster Super Concentrado<\/strong> oferece <strong data-start=\"1021\" data-end=\"1045\">alto poder de espuma<\/strong> para uma remo\u00e7\u00e3o completa e eficaz da sujeira no exterior do ve\u00edculo. Com <strong data-start=\"1120\" data-end=\"1133\">pH neutro<\/strong> e <strong data-start=\"1136\" data-end=\"1166\">tensoativos biodegrad\u00e1veis<\/strong>, garante uma limpeza profunda sem remover ceras aplicadas previamente.<\/p>\n<p data-start=\"1241\" data-end=\"1342\">\ud83d\udd39 <strong data-start=\"1244\" data-end=\"1280\">Espuma densa para limpeza eficaz<\/strong><br data-start=\"1280\" data-end=\"1283\" \/>\ud83d\udd39 <strong data-start=\"1286\" data-end=\"1315\">pH neutro e biodegrad\u00e1vel<\/strong><br data-start=\"1315\" data-end=\"1318\" \/>\ud83d\udd39 <strong data-start=\"1321\" data-end=\"1334\">Dilui\u00e7\u00e3o:<\/strong> 1:300<\/p>\n<hr data-start=\"1344\" data-end=\"1347\" \/>\n<h3 data-start=\"1349\" data-end=\"1380\"><strong data-start=\"1353\" data-end=\"1378\">Possui alguma d\u00favida?<\/strong><\/h3>\n<p data-start=\"1381\" data-end=\"1479\"><a target=\"_new\" rel=\"noopener\" data-start=\"1381\" data-end=\"1433\"><strong data-start=\"1382\" data-end=\"1397\">Clique aqui<\/strong><\/a> e entre em contato atrav\u00e9s do <strong data-start=\"1464\" data-end=\"1476\">WhatsApp<\/strong>.<\/p>\n","protected":false},"excerpt":{"rendered":"<p>\u2714 <strong data-start=\"271\" data-end=\"321\">1 Shampoo Automotivo com Cera High Shine 500ml<\/strong> \u2013 Lava Autos com Cera<br data-start=\"343\" data-end=\"346\" \/>\u2714 <strong data-start=\"348\" data-end=\"396\">1 Lava Autos Super Concentrado Monster 500ml<\/strong><\/p>\n","protected":false},"featured_media":3865,"comment_status":"open","ping_status":"closed","template":"","meta":[],"product_brand":[],"product_cat":[51,80,85],"product_tag":[82],"class_list":{"0":"post-3862","1":"product","2":"type-product","3":"status-publish","4":"has-post-thumbnail","6":"product_cat-estetica-automotiva","7":"product_cat-kitestetica","8":"product_cat-shampoo-automotivo","9":"product_tag-cadillac","11":"first","12":"instock","13":"sale","14":"shipping-taxable","15":"purchasable","16":"product-type-simple"},"jetpack_sharing_enabled":true,"_links":{"self":[{"href":"https:\/\/xn--topcomerciodepeas-osb.com.br\/index.php?rest_route=\/wp\/v2\/product\/3862","targetHints":{"allow":["GET"]}}],"collection":[{"href":"https:\/\/xn--topcomerciodepeas-osb.com.br\/index.php?rest_route=\/wp\/v2\/product"}],"about":[{"href":"https:\/\/xn--topcomerciodepeas-osb.com.br\/index.php?rest_route=\/wp\/v2\/types\/product"}],"replies":[{"embeddable":true,"href":"https:\/\/xn--topcomerciodepeas-osb.com.br\/index.php?rest_route=%2Fwp%2Fv2%2Fcomments&post=3862"}],"version-history":[{"count":1,"href":"https:\/\/xn--topcomerciodepeas-osb.com.br\/index.php?rest_route=\/wp\/v2\/product\/3862\/revisions"}],"predecessor-version":[{"id":3866,"href":"https:\/\/xn--topcomerciodepeas-osb.com.br\/index.php?rest_route=\/wp\/v2\/product\/3862\/revisions\/3866"}],"wp:featuredmedia":[{"embeddable":true,"href":"https:\/\/xn--topcomerciodepeas-osb.com.br\/index.php?rest_route=\/wp\/v2\/media\/3865"}],"wp:attachment":[{"href":"https:\/\/xn--topcomerciodepeas-osb.com.br\/index.php?rest_route=%2Fwp%2Fv2%2Fmedia&parent=3862"}],"wp:term":[{"taxonomy":"product_brand","embeddable":true,"href":"https:\/\/xn--topcomerciodepeas-osb.com.br\/index.php?rest_route=%2Fwp%2Fv2%2Fproduct_brand&post=3862"},{"taxonomy":"product_cat","embeddable":true,"href":"https:\/\/xn--topcomerciodepeas-osb.com.br\/index.php?rest_route=%2Fwp%2Fv2%2Fproduct_cat&post=3862"},{"taxonomy":"product_tag","embeddable":true,"href":"https:\/\/xn--topcomerciodepeas-osb.com.br\/index.php?rest_route=%2Fwp%2Fv2%2Fproduct_tag&post=3862"}],"curies":[{"name":"wp","href":"https:\/\/api.w.org\/{rel}","templated":true}]}}