{"id":3867,"date":"2025-02-13T12:32:31","date_gmt":"2025-02-13T15:32:31","guid":{"rendered":"https:\/\/xn--topcomerciodepeas-osb.com.br\/?post_type=product&#038;p=3867"},"modified":"2025-02-13T12:32:32","modified_gmt":"2025-02-13T15:32:32","slug":"kit-carro-perfumado-aromatizantes-cadillac-carro-novo-maca-verde-lavanda","status":"publish","type":"product","link":"https:\/\/xn--topcomerciodepeas-osb.com.br\/?product=kit-carro-perfumado-aromatizantes-cadillac-carro-novo-maca-verde-lavanda","title":{"rendered":"Kit Carro Perfumado \u2013 Aromatizantes Cadillac (Carro Novo, Ma\u00e7\u00e3 Verde, Lavanda)"},"content":{"rendered":"<h3 data-start=\"430\" data-end=\"460\"><strong data-start=\"434\" data-end=\"458\">Detalhes do Produto:<\/strong><\/h3>\n<h4 data-start=\"462\" data-end=\"509\"><strong data-start=\"467\" data-end=\"507\">Aromatizante de Ve\u00edculos e Ambientes<\/strong><\/h4>\n<p data-start=\"510\" data-end=\"821\">Os <strong data-start=\"513\" data-end=\"539\">Aromatizantes Cadillac<\/strong> oferecem um perfume sofisticado e agrad\u00e1vel, ideal para deixar o ve\u00edculo e qualquer ambiente <strong data-start=\"633\" data-end=\"675\">suave e perfumado por muito mais tempo<\/strong>. Com <strong data-start=\"681\" data-end=\"700\">alto rendimento<\/strong>, podem ser utilizados em carros, casas, escrit\u00f3rios e outros espa\u00e7os, proporcionando uma experi\u00eancia olfativa premium.<\/p>\n<p data-start=\"823\" data-end=\"942\">\ud83d\udd39 <strong data-start=\"826\" data-end=\"858\">Fragr\u00e2ncia suave e duradoura<\/strong><br data-start=\"858\" data-end=\"861\" \/>\ud83d\udd39 <strong data-start=\"864\" data-end=\"883\">Alto rendimento<\/strong><br data-start=\"883\" data-end=\"886\" \/>\ud83d\udd39 <strong data-start=\"889\" data-end=\"940\">Pode ser usado no carro e em ambientes diversos<\/strong><\/p>\n<hr data-start=\"944\" data-end=\"947\" \/>\n<h3 data-start=\"949\" data-end=\"980\"><strong data-start=\"953\" data-end=\"978\">Possui alguma d\u00favida?<\/strong><\/h3>\n<p data-start=\"981\" data-end=\"1079\"><a href=\"https:\/\/contate.me\/topcomerciodepecas\" target=\"_new\" rel=\"noopener\" data-start=\"981\" data-end=\"1033\"><strong data-start=\"982\" data-end=\"997\">Clique aqui<\/strong><\/a> e entre em contato atrav\u00e9s do <strong data-start=\"1064\" data-end=\"1076\">WhatsApp<\/strong>.<\/p>\n","protected":false},"excerpt":{"rendered":"<p>\u2714 <strong data-start=\"282\" data-end=\"326\">1 Aromatizante Cadillac Carro Novo 200ml<\/strong><br data-start=\"326\" data-end=\"329\" \/>\u2714 <strong data-start=\"331\" data-end=\"375\">1 Aromatizante Cadillac Ma\u00e7\u00e3 Verde 200ml<\/strong><br data-start=\"375\" data-end=\"378\" \/>\u2714 <strong data-start=\"380\" data-end=\"421\">1 Aromatizante Cadillac Lavanda 200ml<\/strong><\/p>\n","protected":false},"featured_media":3868,"comment_status":"open","ping_status":"closed","template":"","meta":[],"product_brand":[],"product_cat":[52,51,80],"product_tag":[82],"class_list":{"0":"post-3867","1":"product","2":"type-product","3":"status-publish","4":"has-post-thumbnail","6":"product_cat-cheirinhos","7":"product_cat-estetica-automotiva","8":"product_cat-kitestetica","9":"product_tag-cadillac","11":"first","12":"instock","13":"sale","14":"shipping-taxable","15":"purchasable","16":"product-type-simple"},"jetpack_sharing_enabled":true,"_links":{"self":[{"href":"https:\/\/xn--topcomerciodepeas-osb.com.br\/index.php?rest_route=\/wp\/v2\/product\/3867","targetHints":{"allow":["GET"]}}],"collection":[{"href":"https:\/\/xn--topcomerciodepeas-osb.com.br\/index.php?rest_route=\/wp\/v2\/product"}],"about":[{"href":"https:\/\/xn--topcomerciodepeas-osb.com.br\/index.php?rest_route=\/wp\/v2\/types\/product"}],"replies":[{"embeddable":true,"href":"https:\/\/xn--topcomerciodepeas-osb.com.br\/index.php?rest_route=%2Fwp%2Fv2%2Fcomments&post=3867"}],"version-history":[{"count":1,"href":"https:\/\/xn--topcomerciodepeas-osb.com.br\/index.php?rest_route=\/wp\/v2\/product\/3867\/revisions"}],"predecessor-version":[{"id":3872,"href":"https:\/\/xn--topcomerciodepeas-osb.com.br\/index.php?rest_route=\/wp\/v2\/product\/3867\/revisions\/3872"}],"wp:featuredmedia":[{"embeddable":true,"href":"https:\/\/xn--topcomerciodepeas-osb.com.br\/index.php?rest_route=\/wp\/v2\/media\/3868"}],"wp:attachment":[{"href":"https:\/\/xn--topcomerciodepeas-osb.com.br\/index.php?rest_route=%2Fwp%2Fv2%2Fmedia&parent=3867"}],"wp:term":[{"taxonomy":"product_brand","embeddable":true,"href":"https:\/\/xn--topcomerciodepeas-osb.com.br\/index.php?rest_route=%2Fwp%2Fv2%2Fproduct_brand&post=3867"},{"taxonomy":"product_cat","embeddable":true,"href":"https:\/\/xn--topcomerciodepeas-osb.com.br\/index.php?rest_route=%2Fwp%2Fv2%2Fproduct_cat&post=3867"},{"taxonomy":"product_tag","embeddable":true,"href":"https:\/\/xn--topcomerciodepeas-osb.com.br\/index.php?rest_route=%2Fwp%2Fv2%2Fproduct_tag&post=3867"}],"curies":[{"name":"wp","href":"https:\/\/api.w.org\/{rel}","templated":true}]}}