{"id":3873,"date":"2025-02-13T12:44:00","date_gmt":"2025-02-13T15:44:00","guid":{"rendered":"https:\/\/xn--topcomerciodepeas-osb.com.br\/?post_type=product&#038;p=3873"},"modified":"2025-02-13T12:44:00","modified_gmt":"2025-02-13T15:44:00","slug":"kit-lavacao-automotiva-vonixx-shampoo-v-mol-toalha-de-microfibra","status":"publish","type":"product","link":"https:\/\/xn--topcomerciodepeas-osb.com.br\/?product=kit-lavacao-automotiva-vonixx-shampoo-v-mol-toalha-de-microfibra","title":{"rendered":"Kit Lava\u00e7\u00e3o Automotiva Vonixx \u2013 Shampoo V-Mol + Toalha de Microfibra"},"content":{"rendered":"<h3 data-start=\"369\" data-end=\"401\"><strong data-start=\"373\" data-end=\"399\">Detalhes dos Produtos:<\/strong><\/h3>\n<h4 data-start=\"403\" data-end=\"453\"><strong data-start=\"408\" data-end=\"451\">V-Mol Vonixx \u2013 Lava Autos Biodegrad\u00e1vel<\/strong><\/h4>\n<p data-start=\"454\" data-end=\"742\">O <strong data-start=\"456\" data-end=\"472\">V-Mol Vonixx<\/strong> \u00e9 um shampoo automotivo <strong data-start=\"497\" data-end=\"514\">biodegrad\u00e1vel<\/strong>, com <strong data-start=\"520\" data-end=\"543\">pH levemente b\u00e1sico<\/strong>, ideal para <strong data-start=\"556\" data-end=\"588\">remo\u00e7\u00e3o de sujeiras dif\u00edceis<\/strong>, como barro e \u00f3leo, sem agredir a superf\u00edcie do ve\u00edculo. Agora com um agrad\u00e1vel <strong data-start=\"669\" data-end=\"696\">aroma de cereja intensa<\/strong>, proporciona uma limpeza profunda e segura.<\/p>\n<p data-start=\"744\" data-end=\"851\">\ud83d\udd39 <strong data-start=\"747\" data-end=\"783\">Alto poder de remo\u00e7\u00e3o de sujeira<\/strong><br data-start=\"783\" data-end=\"786\" \/>\ud83d\udd39 <strong data-start=\"789\" data-end=\"816\">Ideal para barro e \u00f3leo<\/strong><br data-start=\"816\" data-end=\"819\" \/>\ud83d\udd39 <strong data-start=\"822\" data-end=\"849\">Aroma de cereja intensa<\/strong><\/p>\n<p data-start=\"853\" data-end=\"978\"><strong data-start=\"853\" data-end=\"880\">Dilui\u00e7\u00f5es recomendadas:<\/strong><br data-start=\"880\" data-end=\"883\" \/>\u2714 <strong data-start=\"885\" data-end=\"913\">Sujeira leve\/manuten\u00e7\u00e3o:<\/strong> 1:100<br data-start=\"919\" data-end=\"922\" \/>\u2714 <strong data-start=\"924\" data-end=\"942\">Sujeira m\u00e9dia:<\/strong> 1:50<br data-start=\"947\" data-end=\"950\" \/>\u2714 <strong data-start=\"952\" data-end=\"971\">Sujeira pesada:<\/strong> 1:10<\/p>\n<hr data-start=\"980\" data-end=\"983\" \/>\n<h4 data-start=\"985\" data-end=\"1064\"><strong data-start=\"990\" data-end=\"1062\">Toalha de Microfibra Vonixx \u2013 Corte a Laser para Acabamento Perfeito<\/strong><\/h4>\n<p data-start=\"1065\" data-end=\"1340\">A <strong data-start=\"1067\" data-end=\"1098\">Toalha de Microfibra Vonixx<\/strong> \u00e9 produzida com <strong data-start=\"1115\" data-end=\"1132\">corte a laser<\/strong>, evitando costuras que possam riscar a pintura do ve\u00edculo. Seu alto poder de absor\u00e7\u00e3o e maciez a tornam <strong data-start=\"1237\" data-end=\"1337\">ideal para lavagem a seco, remo\u00e7\u00e3o de ceras, selantes, vitrificadores e finaliza\u00e7\u00e3o de polimento<\/strong>.<\/p>\n<p data-start=\"1342\" data-end=\"1488\">\ud83d\udd39 <strong data-start=\"1345\" data-end=\"1388\">Corte a laser \u2013 evita riscos na pintura<\/strong><br data-start=\"1388\" data-end=\"1391\" \/>\ud83d\udd39 <strong data-start=\"1394\" data-end=\"1437\">Alta absor\u00e7\u00e3o para acabamento impec\u00e1vel<\/strong><br data-start=\"1437\" data-end=\"1440\" \/>\ud83d\udd39 <strong data-start=\"1443\" data-end=\"1486\">Vers\u00e1til para limpeza interna e externa<\/strong><\/p>\n<hr data-start=\"1490\" data-end=\"1493\" \/>\n<h3 data-start=\"1495\" data-end=\"1526\"><strong data-start=\"1499\" data-end=\"1524\">Possui alguma d\u00favida?<\/strong><\/h3>\n<p data-start=\"1527\" data-end=\"1625\"><strong data-start=\"1528\" data-end=\"1543\">Clique aqui<\/strong> e entre em contato atrav\u00e9s do <strong data-start=\"1610\" data-end=\"1622\">WhatsApp<\/strong>.<\/p>\n","protected":false},"excerpt":{"rendered":"<p>Detalhes dos Produtos: V-Mol Vonixx \u2013 Lava Autos Biodegrad\u00e1vel O V-Mol Vonixx \u00e9 um shampoo automotivo biodegrad\u00e1vel, com pH levemente b\u00e1sico, ideal para remo\u00e7\u00e3o de sujeiras dif\u00edceis, como barro e \u00f3leo, sem agredir a superf\u00edcie do ve\u00edculo. Agora com um agrad\u00e1vel aroma de cereja intensa, proporciona uma limpeza profunda e segura. \ud83d\udd39 Alto poder de [&hellip;]<\/p>\n","protected":false},"featured_media":3874,"comment_status":"open","ping_status":"closed","template":"","meta":[],"product_brand":[],"product_cat":[51,80,85],"product_tag":[86],"class_list":{"0":"post-3873","1":"product","2":"type-product","3":"status-publish","4":"has-post-thumbnail","6":"product_cat-estetica-automotiva","7":"product_cat-kitestetica","8":"product_cat-shampoo-automotivo","9":"product_tag-vonixx","11":"first","12":"instock","13":"sale","14":"shipping-taxable","15":"purchasable","16":"product-type-simple"},"jetpack_sharing_enabled":true,"_links":{"self":[{"href":"https:\/\/xn--topcomerciodepeas-osb.com.br\/index.php?rest_route=\/wp\/v2\/product\/3873","targetHints":{"allow":["GET"]}}],"collection":[{"href":"https:\/\/xn--topcomerciodepeas-osb.com.br\/index.php?rest_route=\/wp\/v2\/product"}],"about":[{"href":"https:\/\/xn--topcomerciodepeas-osb.com.br\/index.php?rest_route=\/wp\/v2\/types\/product"}],"replies":[{"embeddable":true,"href":"https:\/\/xn--topcomerciodepeas-osb.com.br\/index.php?rest_route=%2Fwp%2Fv2%2Fcomments&post=3873"}],"version-history":[{"count":2,"href":"https:\/\/xn--topcomerciodepeas-osb.com.br\/index.php?rest_route=\/wp\/v2\/product\/3873\/revisions"}],"predecessor-version":[{"id":3879,"href":"https:\/\/xn--topcomerciodepeas-osb.com.br\/index.php?rest_route=\/wp\/v2\/product\/3873\/revisions\/3879"}],"wp:featuredmedia":[{"embeddable":true,"href":"https:\/\/xn--topcomerciodepeas-osb.com.br\/index.php?rest_route=\/wp\/v2\/media\/3874"}],"wp:attachment":[{"href":"https:\/\/xn--topcomerciodepeas-osb.com.br\/index.php?rest_route=%2Fwp%2Fv2%2Fmedia&parent=3873"}],"wp:term":[{"taxonomy":"product_brand","embeddable":true,"href":"https:\/\/xn--topcomerciodepeas-osb.com.br\/index.php?rest_route=%2Fwp%2Fv2%2Fproduct_brand&post=3873"},{"taxonomy":"product_cat","embeddable":true,"href":"https:\/\/xn--topcomerciodepeas-osb.com.br\/index.php?rest_route=%2Fwp%2Fv2%2Fproduct_cat&post=3873"},{"taxonomy":"product_tag","embeddable":true,"href":"https:\/\/xn--topcomerciodepeas-osb.com.br\/index.php?rest_route=%2Fwp%2Fv2%2Fproduct_tag&post=3873"}],"curies":[{"name":"wp","href":"https:\/\/api.w.org\/{rel}","templated":true}]}}