{"id":3894,"date":"2025-02-13T13:27:08","date_gmt":"2025-02-13T16:27:08","guid":{"rendered":"https:\/\/xn--topcomerciodepeas-osb.com.br\/?post_type=product&#038;p=3894"},"modified":"2025-02-13T13:27:09","modified_gmt":"2025-02-13T16:27:09","slug":"kit-limpeza-e-restauracao-de-vidros-vonixx-glazy-prizm","status":"publish","type":"product","link":"https:\/\/xn--topcomerciodepeas-osb.com.br\/?product=kit-limpeza-e-restauracao-de-vidros-vonixx-glazy-prizm","title":{"rendered":"Kit Limpeza e Restaura\u00e7\u00e3o de Vidros Vonixx \u2013 Glazy + Prizm"},"content":{"rendered":"<h3 data-start=\"380\" data-end=\"412\"><strong data-start=\"384\" data-end=\"410\">Detalhes dos Produtos:<\/strong><\/h3>\n<h4 data-start=\"414\" data-end=\"478\"><strong data-start=\"419\" data-end=\"476\">Glazy Vonixx \u2013 Limpador e Protetor 4 em 1 para Vidros<\/strong><\/h4>\n<p data-start=\"479\" data-end=\"832\">O <strong data-start=\"481\" data-end=\"497\">Glazy Vonixx<\/strong> \u00e9 um <strong data-start=\"503\" data-end=\"521\">produto 4 em 1<\/strong>, desenvolvido para <strong data-start=\"541\" data-end=\"599\">limpeza, prote\u00e7\u00e3o, condicionamento e redu\u00e7\u00e3o de riscos<\/strong> em vidros automotivos e residenciais. Sua f\u00f3rmula inovadora <strong data-start=\"660\" data-end=\"678\">reduz o atrito<\/strong>, diminuindo as chances de riscos causados por limpadores de para-brisa e movimentos laterais, proporcionando um <strong data-start=\"791\" data-end=\"829\">toque liso e aspecto de vidro novo<\/strong>.<\/p>\n<p data-start=\"834\" data-end=\"1025\">\ud83d\udd39 <strong data-start=\"837\" data-end=\"882\">Limpa, protege, condiciona e reduz riscos<\/strong><br data-start=\"882\" data-end=\"885\" \/>\ud83d\udd39 <strong data-start=\"888\" data-end=\"941\">Deixa o vidro com toque liso e apar\u00eancia renovada<\/strong><br data-start=\"941\" data-end=\"944\" \/>\ud83d\udd39 <strong data-start=\"947\" data-end=\"1023\">Pode ser utilizado em espelhos, telas de computadores, TVs e multim\u00eddias<\/strong><\/p>\n<hr data-start=\"1027\" data-end=\"1030\" \/>\n<h4 data-start=\"1032\" data-end=\"1091\"><strong data-start=\"1037\" data-end=\"1089\">Prizm Vonixx \u2013 Restaurador de Vidros Automotivos<\/strong><\/h4>\n<p data-start=\"1092\" data-end=\"1379\">O <strong data-start=\"1094\" data-end=\"1110\">Prizm Vonixx<\/strong> restaura a <strong data-start=\"1122\" data-end=\"1162\">transpar\u00eancia dos vidros automotivos<\/strong>, eliminando <strong data-start=\"1175\" data-end=\"1231\">marcas de \u00e1gua incrustada, impurezas e contaminantes<\/strong> que n\u00e3o saem com a limpeza convencional. Sua a\u00e7\u00e3o qu\u00edmica dissolve manchas e sujeiras de forma eficaz, garantindo uma vis\u00e3o clara e sem res\u00edduos.<\/p>\n<p data-start=\"1381\" data-end=\"1559\">\ud83d\udd39 <strong data-start=\"1384\" data-end=\"1436\">Remove marcas de \u00e1gua, impurezas e contaminantes<\/strong><br data-start=\"1436\" data-end=\"1439\" \/>\ud83d\udd39 <strong data-start=\"1442\" data-end=\"1493\">Recupera a transpar\u00eancia dos vidros automotivos<\/strong><br data-start=\"1493\" data-end=\"1496\" \/>\ud83d\udd39 <strong data-start=\"1499\" data-end=\"1557\">Indicado para para-brisas, vidros laterais e traseiros<\/strong><\/p>\n<p data-start=\"1561\" data-end=\"1711\">\u26a0 <strong data-start=\"1563\" data-end=\"1585\">Precau\u00e7\u00f5es de uso:<\/strong> Produto desenvolvido para <strong data-start=\"1612\" data-end=\"1647\">uso exclusivamente profissional<\/strong>.<br data-start=\"1648\" data-end=\"1651\" \/>\u26a0 <strong data-start=\"1653\" data-end=\"1668\">Importante:<\/strong> N\u00e3o aplicar em <strong data-start=\"1684\" data-end=\"1708\">espelhos automotivos<\/strong>.<\/p>\n<hr data-start=\"1713\" data-end=\"1716\" \/>\n<h3 data-start=\"1718\" data-end=\"1749\"><strong data-start=\"1722\" data-end=\"1747\">Possui alguma d\u00favida?<\/strong><\/h3>\n<p data-start=\"1750\" data-end=\"1848\"><a href=\"https:\/\/contate.me\/topcomerciodepecas\" target=\"_new\" rel=\"noopener\" data-start=\"1750\" data-end=\"1802\"><strong data-start=\"1751\" data-end=\"1766\">Clique aqui<\/strong><\/a> e entre em contato atrav\u00e9s do <strong data-start=\"1833\" data-end=\"1845\">WhatsApp<\/strong>.<\/p>\n","protected":false},"excerpt":{"rendered":"<p data-start=\"260\" data-end=\"373\">\u2714 <strong data-start=\"262\" data-end=\"286\">1 Vonixx Glazy 500ml<\/strong> \u2013 Limpador e Protetor de Vidros<br data-start=\"318\" data-end=\"321\" \/>\u2714 <strong data-start=\"323\" data-end=\"347\">1 Vonixx Prizm 500ml<\/strong> \u2013 Restaurador de Vidros<\/p>\n","protected":false},"featured_media":3895,"comment_status":"open","ping_status":"closed","template":"","meta":[],"product_brand":[],"product_cat":[51,80,87],"product_tag":[86],"class_list":{"0":"post-3894","1":"product","2":"type-product","3":"status-publish","4":"has-post-thumbnail","6":"product_cat-estetica-automotiva","7":"product_cat-kitestetica","8":"product_cat-limpa-vidros","9":"product_tag-vonixx","11":"first","12":"instock","13":"sale","14":"shipping-taxable","15":"purchasable","16":"product-type-simple"},"jetpack_sharing_enabled":true,"_links":{"self":[{"href":"https:\/\/xn--topcomerciodepeas-osb.com.br\/index.php?rest_route=\/wp\/v2\/product\/3894","targetHints":{"allow":["GET"]}}],"collection":[{"href":"https:\/\/xn--topcomerciodepeas-osb.com.br\/index.php?rest_route=\/wp\/v2\/product"}],"about":[{"href":"https:\/\/xn--topcomerciodepeas-osb.com.br\/index.php?rest_route=\/wp\/v2\/types\/product"}],"replies":[{"embeddable":true,"href":"https:\/\/xn--topcomerciodepeas-osb.com.br\/index.php?rest_route=%2Fwp%2Fv2%2Fcomments&post=3894"}],"version-history":[{"count":1,"href":"https:\/\/xn--topcomerciodepeas-osb.com.br\/index.php?rest_route=\/wp\/v2\/product\/3894\/revisions"}],"predecessor-version":[{"id":3898,"href":"https:\/\/xn--topcomerciodepeas-osb.com.br\/index.php?rest_route=\/wp\/v2\/product\/3894\/revisions\/3898"}],"wp:featuredmedia":[{"embeddable":true,"href":"https:\/\/xn--topcomerciodepeas-osb.com.br\/index.php?rest_route=\/wp\/v2\/media\/3895"}],"wp:attachment":[{"href":"https:\/\/xn--topcomerciodepeas-osb.com.br\/index.php?rest_route=%2Fwp%2Fv2%2Fmedia&parent=3894"}],"wp:term":[{"taxonomy":"product_brand","embeddable":true,"href":"https:\/\/xn--topcomerciodepeas-osb.com.br\/index.php?rest_route=%2Fwp%2Fv2%2Fproduct_brand&post=3894"},{"taxonomy":"product_cat","embeddable":true,"href":"https:\/\/xn--topcomerciodepeas-osb.com.br\/index.php?rest_route=%2Fwp%2Fv2%2Fproduct_cat&post=3894"},{"taxonomy":"product_tag","embeddable":true,"href":"https:\/\/xn--topcomerciodepeas-osb.com.br\/index.php?rest_route=%2Fwp%2Fv2%2Fproduct_tag&post=3894"}],"curies":[{"name":"wp","href":"https:\/\/api.w.org\/{rel}","templated":true}]}}