{"id":3899,"date":"2025-02-13T13:32:24","date_gmt":"2025-02-13T16:32:24","guid":{"rendered":"https:\/\/xn--topcomerciodepeas-osb.com.br\/?post_type=product&#038;p=3899"},"modified":"2025-02-13T13:32:24","modified_gmt":"2025-02-13T16:32:24","slug":"removedor-de-chuva-acida-cadillac-limpeza-profunda-para-vidros","status":"publish","type":"product","link":"https:\/\/xn--topcomerciodepeas-osb.com.br\/?product=removedor-de-chuva-acida-cadillac-limpeza-profunda-para-vidros","title":{"rendered":"Removedor de Chuva \u00c1cida Cadillac \u2013 Limpeza Profunda para Vidros"},"content":{"rendered":"<h3 data-start=\"358\" data-end=\"388\"><strong data-start=\"362\" data-end=\"386\">Detalhes do Produto:<\/strong><\/h3>\n<h4 data-start=\"390\" data-end=\"458\"><strong data-start=\"395\" data-end=\"456\">Removedor de Chuva \u00c1cida Cadillac \u2013 Restaurador de Vidros<\/strong><\/h4>\n<p data-start=\"459\" data-end=\"751\">O <strong data-start=\"461\" data-end=\"498\">Removedor de Chuva \u00c1cida Cadillac<\/strong> foi desenvolvido para eliminar <strong data-start=\"530\" data-end=\"564\">manchas impregnadas nos vidros<\/strong> causadas por <strong data-start=\"578\" data-end=\"616\">chuva \u00e1cida e componentes qu\u00edmicos<\/strong>. Sua a\u00e7\u00e3o qu\u00edmica dissolve rapidamente esses compostos, restaurando a <strong data-start=\"687\" data-end=\"721\">transpar\u00eancia e a visibilidade<\/strong> com seguran\u00e7a e efici\u00eancia.<\/p>\n<p data-start=\"753\" data-end=\"904\">\ud83d\udd39 <strong data-start=\"756\" data-end=\"792\">Alto poder de remo\u00e7\u00e3o de manchas<\/strong><br data-start=\"792\" data-end=\"795\" \/>\ud83d\udd39 <strong data-start=\"798\" data-end=\"846\">Elimina res\u00edduos impregnados por chuva \u00e1cida<\/strong><br data-start=\"846\" data-end=\"849\" \/>\ud83d\udd39 <strong data-start=\"852\" data-end=\"902\">Restaura a transpar\u00eancia dos vidros do ve\u00edculo<\/strong><\/p>\n<hr data-start=\"906\" data-end=\"909\" \/>\n<h3 data-start=\"911\" data-end=\"942\"><strong data-start=\"915\" data-end=\"940\">Possui alguma d\u00favida?<\/strong><\/h3>\n<p data-start=\"943\" data-end=\"1041\"><a href=\"https:\/\/contate.me\/topcomerciodepecas\" target=\"_new\" rel=\"noopener\" data-start=\"943\" data-end=\"995\"><strong data-start=\"944\" data-end=\"959\">Clique aqui<\/strong><\/a> e entre em contato atrav\u00e9s do <strong data-start=\"1026\" data-end=\"1038\">WhatsApp<\/strong>.<\/p>\n","protected":false},"excerpt":{"rendered":"<p>\u2714 <strong data-start=\"272\" data-end=\"317\">1 Removedor de Chuva \u00c1cida Cadillac 500ml<\/strong> \u2013 Removedor de Marcas de Vidros<\/p>\n","protected":false},"featured_media":3900,"comment_status":"open","ping_status":"closed","template":"","meta":[],"product_brand":[],"product_cat":[51,87],"product_tag":[82],"class_list":{"0":"post-3899","1":"product","2":"type-product","3":"status-publish","4":"has-post-thumbnail","6":"product_cat-estetica-automotiva","7":"product_cat-limpa-vidros","8":"product_tag-cadillac","10":"first","11":"instock","12":"sale","13":"shipping-taxable","14":"purchasable","15":"product-type-simple"},"jetpack_sharing_enabled":true,"_links":{"self":[{"href":"https:\/\/xn--topcomerciodepeas-osb.com.br\/index.php?rest_route=\/wp\/v2\/product\/3899","targetHints":{"allow":["GET"]}}],"collection":[{"href":"https:\/\/xn--topcomerciodepeas-osb.com.br\/index.php?rest_route=\/wp\/v2\/product"}],"about":[{"href":"https:\/\/xn--topcomerciodepeas-osb.com.br\/index.php?rest_route=\/wp\/v2\/types\/product"}],"replies":[{"embeddable":true,"href":"https:\/\/xn--topcomerciodepeas-osb.com.br\/index.php?rest_route=%2Fwp%2Fv2%2Fcomments&post=3899"}],"version-history":[{"count":1,"href":"https:\/\/xn--topcomerciodepeas-osb.com.br\/index.php?rest_route=\/wp\/v2\/product\/3899\/revisions"}],"predecessor-version":[{"id":3902,"href":"https:\/\/xn--topcomerciodepeas-osb.com.br\/index.php?rest_route=\/wp\/v2\/product\/3899\/revisions\/3902"}],"wp:featuredmedia":[{"embeddable":true,"href":"https:\/\/xn--topcomerciodepeas-osb.com.br\/index.php?rest_route=\/wp\/v2\/media\/3900"}],"wp:attachment":[{"href":"https:\/\/xn--topcomerciodepeas-osb.com.br\/index.php?rest_route=%2Fwp%2Fv2%2Fmedia&parent=3899"}],"wp:term":[{"taxonomy":"product_brand","embeddable":true,"href":"https:\/\/xn--topcomerciodepeas-osb.com.br\/index.php?rest_route=%2Fwp%2Fv2%2Fproduct_brand&post=3899"},{"taxonomy":"product_cat","embeddable":true,"href":"https:\/\/xn--topcomerciodepeas-osb.com.br\/index.php?rest_route=%2Fwp%2Fv2%2Fproduct_cat&post=3899"},{"taxonomy":"product_tag","embeddable":true,"href":"https:\/\/xn--topcomerciodepeas-osb.com.br\/index.php?rest_route=%2Fwp%2Fv2%2Fproduct_tag&post=3899"}],"curies":[{"name":"wp","href":"https:\/\/api.w.org\/{rel}","templated":true}]}}