{"id":3903,"date":"2025-02-13T13:37:08","date_gmt":"2025-02-13T16:37:08","guid":{"rendered":"https:\/\/xn--topcomerciodepeas-osb.com.br\/?post_type=product&#038;p=3903"},"modified":"2025-02-13T13:39:27","modified_gmt":"2025-02-13T16:39:27","slug":"lava-a-seco-cadillac-limpeza-sem-agua-e-brilho-intenso","status":"publish","type":"product","link":"https:\/\/xn--topcomerciodepeas-osb.com.br\/?product=lava-a-seco-cadillac-limpeza-sem-agua-e-brilho-intenso","title":{"rendered":"Lava a Seco Cadillac \u2013 Limpeza Sem \u00c1gua e Brilho Intenso"},"content":{"rendered":"<h3 data-start=\"332\" data-end=\"362\"><strong data-start=\"336\" data-end=\"360\">Detalhes do Produto:<\/strong><\/h3>\n<h4 data-start=\"364\" data-end=\"417\"><strong data-start=\"369\" data-end=\"415\">Lava a Seco Cadillac \u2013 Lava Autos sem \u00c1gua<\/strong><\/h4>\n<p data-start=\"418\" data-end=\"749\">O <strong data-start=\"420\" data-end=\"444\">Lava a Seco Cadillac<\/strong> \u00e9 a solu\u00e7\u00e3o ideal para uma limpeza pr\u00e1tica e eficiente <strong data-start=\"500\" data-end=\"527\">sem necessidade de \u00e1gua<\/strong>. Sua f\u00f3rmula conta com <strong data-start=\"551\" data-end=\"596\">agentes lubrificantes de alta performance<\/strong>, garantindo a <strong data-start=\"611\" data-end=\"654\">remo\u00e7\u00e3o de sujeira sem riscos \u00e0 pintura<\/strong>. Al\u00e9m disso, proporciona <strong data-start=\"680\" data-end=\"698\">brilho intenso<\/strong>, deixando o ve\u00edculo com um acabamento impec\u00e1vel.<\/p>\n<p data-start=\"751\" data-end=\"890\">\ud83d\udd39 <strong data-start=\"754\" data-end=\"791\">Limpeza eficiente sem uso de \u00e1gua<\/strong><br data-start=\"791\" data-end=\"794\" \/>\ud83d\udd39 <strong data-start=\"797\" data-end=\"841\">Brilho intenso e prote\u00e7\u00e3o para a pintura<\/strong><br data-start=\"841\" data-end=\"844\" \/>\ud83d\udd39 <strong data-start=\"847\" data-end=\"888\">Seguro para limpeza a seco sem riscar<\/strong><\/p>\n<hr data-start=\"892\" data-end=\"895\" \/>\n<h3 data-start=\"897\" data-end=\"928\"><strong data-start=\"901\" data-end=\"926\">Possui alguma d\u00favida?<\/strong><\/h3>\n<p data-start=\"929\" data-end=\"1027\"><a href=\"https:\/\/contate.me\/topcomerciodepecas\" target=\"_new\" rel=\"noopener\" data-start=\"929\" data-end=\"981\"><strong data-start=\"930\" data-end=\"945\">Clique aqui<\/strong><\/a> e entre em contato atrav\u00e9s do <strong data-start=\"1012\" data-end=\"1024\">WhatsApp<\/strong>.<\/p>\n","protected":false},"excerpt":{"rendered":"<p>\u2714 <strong data-start=\"264\" data-end=\"296\">1 Lava a Seco Cadillac 650ml<\/strong> \u2013 Limpeza Pr\u00e1tica e Segura<\/p>\n","protected":false},"featured_media":3904,"comment_status":"open","ping_status":"closed","template":"","meta":[],"product_brand":[],"product_cat":[51,85],"product_tag":[82],"class_list":{"0":"post-3903","1":"product","2":"type-product","3":"status-publish","4":"has-post-thumbnail","6":"product_cat-estetica-automotiva","7":"product_cat-shampoo-automotivo","8":"product_tag-cadillac","10":"first","11":"instock","12":"sale","13":"shipping-taxable","14":"purchasable","15":"product-type-simple"},"jetpack_sharing_enabled":true,"_links":{"self":[{"href":"https:\/\/xn--topcomerciodepeas-osb.com.br\/index.php?rest_route=\/wp\/v2\/product\/3903","targetHints":{"allow":["GET"]}}],"collection":[{"href":"https:\/\/xn--topcomerciodepeas-osb.com.br\/index.php?rest_route=\/wp\/v2\/product"}],"about":[{"href":"https:\/\/xn--topcomerciodepeas-osb.com.br\/index.php?rest_route=\/wp\/v2\/types\/product"}],"replies":[{"embeddable":true,"href":"https:\/\/xn--topcomerciodepeas-osb.com.br\/index.php?rest_route=%2Fwp%2Fv2%2Fcomments&post=3903"}],"version-history":[{"count":1,"href":"https:\/\/xn--topcomerciodepeas-osb.com.br\/index.php?rest_route=\/wp\/v2\/product\/3903\/revisions"}],"predecessor-version":[{"id":3906,"href":"https:\/\/xn--topcomerciodepeas-osb.com.br\/index.php?rest_route=\/wp\/v2\/product\/3903\/revisions\/3906"}],"wp:featuredmedia":[{"embeddable":true,"href":"https:\/\/xn--topcomerciodepeas-osb.com.br\/index.php?rest_route=\/wp\/v2\/media\/3904"}],"wp:attachment":[{"href":"https:\/\/xn--topcomerciodepeas-osb.com.br\/index.php?rest_route=%2Fwp%2Fv2%2Fmedia&parent=3903"}],"wp:term":[{"taxonomy":"product_brand","embeddable":true,"href":"https:\/\/xn--topcomerciodepeas-osb.com.br\/index.php?rest_route=%2Fwp%2Fv2%2Fproduct_brand&post=3903"},{"taxonomy":"product_cat","embeddable":true,"href":"https:\/\/xn--topcomerciodepeas-osb.com.br\/index.php?rest_route=%2Fwp%2Fv2%2Fproduct_cat&post=3903"},{"taxonomy":"product_tag","embeddable":true,"href":"https:\/\/xn--topcomerciodepeas-osb.com.br\/index.php?rest_route=%2Fwp%2Fv2%2Fproduct_tag&post=3903"}],"curies":[{"name":"wp","href":"https:\/\/api.w.org\/{rel}","templated":true}]}}