{"id":3907,"date":"2025-02-13T13:46:34","date_gmt":"2025-02-13T16:46:34","guid":{"rendered":"https:\/\/xn--topcomerciodepeas-osb.com.br\/?post_type=product&#038;p=3907"},"modified":"2025-03-19T10:25:42","modified_gmt":"2025-03-19T13:25:42","slug":"desengripante-mp1-lub-protecao-lubrificacao-e-desoxidacao","status":"publish","type":"product","link":"https:\/\/xn--topcomerciodepeas-osb.com.br\/?product=desengripante-mp1-lub-protecao-lubrificacao-e-desoxidacao","title":{"rendered":"Desengripante MP1 Lub \u2013 Prote\u00e7\u00e3o, Lubrifica\u00e7\u00e3o e Desoxida\u00e7\u00e3o"},"content":{"rendered":"<h3 data-start=\"363\" data-end=\"393\"><strong data-start=\"367\" data-end=\"391\">Detalhes do Produto:<\/strong><\/h3>\n<h4 data-start=\"395\" data-end=\"466\"><strong data-start=\"400\" data-end=\"464\">Desengripante MP1 Lub \u2013 Lubrificante e Protetor Anticorros\u00e3o<\/strong><\/h4>\n<p data-start=\"467\" data-end=\"746\">O <strong data-start=\"469\" data-end=\"494\">Desengripante MP1 Lub<\/strong> \u00e9 indicado para <strong data-start=\"511\" data-end=\"559\">prote\u00e7\u00e3o contra ferrugem, umidade e corros\u00e3o<\/strong>, garantindo <strong data-start=\"572\" data-end=\"602\">lubrifica\u00e7\u00e3o e desoxida\u00e7\u00e3o<\/strong> eficiente. Atua <strong data-start=\"619\" data-end=\"648\">desengripando de imediato<\/strong> pe\u00e7as met\u00e1licas travadas, garantindo a manuten\u00e7\u00e3o e prolongamento da vida \u00fatil dos componentes.<\/p>\n<p data-start=\"748\" data-end=\"886\">\ud83d\udd39 <strong data-start=\"751\" data-end=\"789\">Protege contra ferrugem e corros\u00e3o<\/strong><br data-start=\"789\" data-end=\"792\" \/>\ud83d\udd39 <strong data-start=\"795\" data-end=\"833\">Desengripa e lubrifica de imediato<\/strong><br data-start=\"833\" data-end=\"836\" \/>\ud83d\udd39 <strong data-start=\"839\" data-end=\"884\">Repele umidade e mant\u00e9m pe\u00e7as conservadas<\/strong><\/p>\n<hr data-start=\"888\" data-end=\"891\" \/>\n<h3 data-start=\"893\" data-end=\"921\"><strong data-start=\"897\" data-end=\"919\">Instru\u00e7\u00f5es de Uso:<\/strong><\/h3>\n<p data-start=\"922\" data-end=\"1074\">Pulverize o <strong data-start=\"934\" data-end=\"959\">Desengripante MP1 Lub<\/strong> no local desejado ou utilize o <strong data-start=\"991\" data-end=\"1006\">prolongador<\/strong> que acompanha a embalagem para alcan\u00e7ar locais de dif\u00edcil acesso.<\/p>\n<hr data-start=\"1076\" data-end=\"1079\" \/>\n<h3 data-start=\"1081\" data-end=\"1102\"><strong data-start=\"1085\" data-end=\"1100\">Aplica\u00e7\u00f5es:<\/strong><\/h3>\n<p data-start=\"1104\" data-end=\"1588\">\u2714 <strong data-start=\"1106\" data-end=\"1117\">No lar:<\/strong> fechaduras, dobradi\u00e7as, m\u00e1quinas de costura, trincos, eletrodom\u00e9sticos, janelas e basculantes.<br data-start=\"1212\" data-end=\"1215\" \/>\u2714 <strong data-start=\"1217\" data-end=\"1230\">No carro:<\/strong> solta porcas e parafusos, repele \u00e1gua do sistema el\u00e9trico e protege os terminais.<br data-start=\"1312\" data-end=\"1315\" \/>\u2714 <strong data-start=\"1317\" data-end=\"1340\">No esporte e lazer:<\/strong> remove sujeira e lubrifica catracas, correntes de bicicletas, carretilhas, molinetes, acess\u00f3rios n\u00e1uticos, skates e equipamentos de camping, ca\u00e7a e pesca.<br data-start=\"1495\" data-end=\"1498\" \/>\u2714 <strong data-start=\"1500\" data-end=\"1517\">Na ind\u00fastria:<\/strong> manuten\u00e7\u00e3o de m\u00e1quinas, motores, sistemas hidr\u00e1ulicos e ferramentas.<\/p>\n<hr data-start=\"1590\" data-end=\"1593\" \/>\n<h3 data-start=\"1595\" data-end=\"1626\"><strong data-start=\"1599\" data-end=\"1624\">Possui alguma d\u00favida?<\/strong><\/h3>\n<p data-start=\"1627\" data-end=\"1725\"><a href=\"https:\/\/contate.me\/topcomerciodepecas\"><strong data-start=\"1628\" data-end=\"1643\">Clique aqui<\/strong> <\/a>e entre em contato atrav\u00e9s do <strong data-start=\"1710\" data-end=\"1722\">WhatsApp<\/strong>.<\/p>\n","protected":false},"excerpt":{"rendered":"<p>\u2714 <strong data-start=\"268\" data-end=\"301\">1 Desengripante MP1 Lub 321ml<\/strong> \u2013 Protege contra ferrugem e lubrifica pe\u00e7as expostas<\/p>\n","protected":false},"featured_media":3908,"comment_status":"open","ping_status":"closed","template":"","meta":[],"product_brand":[],"product_cat":[88],"product_tag":[79],"class_list":{"0":"post-3907","1":"product","2":"type-product","3":"status-publish","4":"has-post-thumbnail","6":"product_cat-sprays-e-graxas-de-manutencao","7":"product_tag-mundial-prime","9":"first","10":"instock","11":"sale","12":"shipping-taxable","13":"purchasable","14":"product-type-simple"},"jetpack_sharing_enabled":true,"_links":{"self":[{"href":"https:\/\/xn--topcomerciodepeas-osb.com.br\/index.php?rest_route=\/wp\/v2\/product\/3907","targetHints":{"allow":["GET"]}}],"collection":[{"href":"https:\/\/xn--topcomerciodepeas-osb.com.br\/index.php?rest_route=\/wp\/v2\/product"}],"about":[{"href":"https:\/\/xn--topcomerciodepeas-osb.com.br\/index.php?rest_route=\/wp\/v2\/types\/product"}],"replies":[{"embeddable":true,"href":"https:\/\/xn--topcomerciodepeas-osb.com.br\/index.php?rest_route=%2Fwp%2Fv2%2Fcomments&post=3907"}],"version-history":[{"count":1,"href":"https:\/\/xn--topcomerciodepeas-osb.com.br\/index.php?rest_route=\/wp\/v2\/product\/3907\/revisions"}],"predecessor-version":[{"id":3910,"href":"https:\/\/xn--topcomerciodepeas-osb.com.br\/index.php?rest_route=\/wp\/v2\/product\/3907\/revisions\/3910"}],"wp:featuredmedia":[{"embeddable":true,"href":"https:\/\/xn--topcomerciodepeas-osb.com.br\/index.php?rest_route=\/wp\/v2\/media\/3908"}],"wp:attachment":[{"href":"https:\/\/xn--topcomerciodepeas-osb.com.br\/index.php?rest_route=%2Fwp%2Fv2%2Fmedia&parent=3907"}],"wp:term":[{"taxonomy":"product_brand","embeddable":true,"href":"https:\/\/xn--topcomerciodepeas-osb.com.br\/index.php?rest_route=%2Fwp%2Fv2%2Fproduct_brand&post=3907"},{"taxonomy":"product_cat","embeddable":true,"href":"https:\/\/xn--topcomerciodepeas-osb.com.br\/index.php?rest_route=%2Fwp%2Fv2%2Fproduct_cat&post=3907"},{"taxonomy":"product_tag","embeddable":true,"href":"https:\/\/xn--topcomerciodepeas-osb.com.br\/index.php?rest_route=%2Fwp%2Fv2%2Fproduct_tag&post=3907"}],"curies":[{"name":"wp","href":"https:\/\/api.w.org\/{rel}","templated":true}]}}