{"id":3925,"date":"2025-02-13T14:08:49","date_gmt":"2025-02-13T17:08:49","guid":{"rendered":"https:\/\/xn--topcomerciodepeas-osb.com.br\/?post_type=product&#038;p=3925"},"modified":"2025-02-13T14:08:49","modified_gmt":"2025-02-13T17:08:49","slug":"selante-para-radiadores-mundial-prime-250ml","status":"publish","type":"product","link":"https:\/\/xn--topcomerciodepeas-osb.com.br\/?product=selante-para-radiadores-mundial-prime-250ml","title":{"rendered":"Selante para Radiadores Mundial Prime 250ml"},"content":{"rendered":"<h3 data-start=\"389\" data-end=\"419\"><strong data-start=\"393\" data-end=\"417\">Detalhes do Produto:<\/strong><\/h3>\n<h4 data-start=\"421\" data-end=\"492\"><strong data-start=\"426\" data-end=\"490\">Selante para Radiadores Mundial Prime \u2013 Limpeza e Manuten\u00e7\u00e3o<\/strong><\/h4>\n<p data-start=\"493\" data-end=\"720\">O <strong data-start=\"495\" data-end=\"536\">Selante para Radiadores Mundial Prime<\/strong> limpa rapidamente o sistema de arrefecimento, eliminando <strong data-start=\"594\" data-end=\"617\">ferrugem e res\u00edduos<\/strong> que podem obstruir as passagens do radiador, garantindo o funcionamento eficiente e seguro do motor.<\/p>\n<p data-start=\"722\" data-end=\"869\">\ud83d\udd39 <strong data-start=\"725\" data-end=\"783\">Remove ferrugem e res\u00edduos do sistema de arrefecimento<\/strong><br data-start=\"783\" data-end=\"786\" \/>\ud83d\udd39 <strong data-start=\"789\" data-end=\"825\">Previne entupimentos no radiador<\/strong><br data-start=\"825\" data-end=\"828\" \/>\ud83d\udd39 <strong data-start=\"831\" data-end=\"867\">Ideal para manuten\u00e7\u00e3o preventiva<\/strong><\/p>\n<hr data-start=\"871\" data-end=\"874\" \/>\n<h3 data-start=\"876\" data-end=\"904\"><strong data-start=\"880\" data-end=\"902\">Instru\u00e7\u00f5es de Uso:<\/strong><\/h3>\n<p data-start=\"905\" data-end=\"1194\">Esgote o l\u00edquido do sistema de arrefecimento, complete com \u00e1gua limpa e adicione o <strong data-start=\"988\" data-end=\"1015\">Selante para Radiadores<\/strong>. Ligue o motor por <strong data-start=\"1035\" data-end=\"1049\">30 minutos<\/strong> (ou <strong data-start=\"1054\" data-end=\"1068\">50 minutos<\/strong> com o ar quente ligado). Ap\u00f3s resfriar, esgote o sistema e lave at\u00e9 a \u00e1gua sair limpa. Reabaste\u00e7a com solu\u00e7\u00e3o arrefecedora.<\/p>\n<hr data-start=\"1196\" data-end=\"1199\" \/>\n<h3 data-start=\"1201\" data-end=\"1222\"><strong data-start=\"1205\" data-end=\"1220\">Aplica\u00e7\u00f5es:<\/strong><\/h3>\n<p data-start=\"1223\" data-end=\"1284\">\u2714 Indicado para <strong data-start=\"1239\" data-end=\"1281\">radiadores de ve\u00edculos leves e pesados<\/strong>.<\/p>\n<hr data-start=\"1286\" data-end=\"1289\" \/>\n<h3 data-start=\"1291\" data-end=\"1322\"><strong data-start=\"1295\" data-end=\"1320\">Possui alguma d\u00favida?<\/strong><\/h3>\n<p data-start=\"1323\" data-end=\"1421\"><a href=\"https:\/\/contate.me\/topcomerciodepecas\" target=\"_new\" rel=\"noopener\" data-start=\"1323\" data-end=\"1375\"><strong data-start=\"1324\" data-end=\"1339\">Clique aqui<\/strong><\/a> e entre em contato atrav\u00e9s do <strong data-start=\"1406\" data-end=\"1418\">WhatsApp<\/strong>.<\/p>\n","protected":false},"excerpt":{"rendered":"<p>\u2714 <strong data-start=\"294\" data-end=\"343\">1 Selante para Radiadores Mundial Prime 250ml<\/strong> \u2013 Limpeza e Prote\u00e7\u00e3o Contra Ferrugem<\/p>\n","protected":false},"featured_media":3926,"comment_status":"open","ping_status":"closed","template":"","meta":[],"product_brand":[],"product_cat":[78],"product_tag":[79],"class_list":{"0":"post-3925","1":"product","2":"type-product","3":"status-publish","4":"has-post-thumbnail","6":"product_cat-aditivos-2","7":"product_tag-mundial-prime","9":"first","10":"instock","11":"sale","12":"shipping-taxable","13":"purchasable","14":"product-type-simple"},"jetpack_sharing_enabled":true,"_links":{"self":[{"href":"https:\/\/xn--topcomerciodepeas-osb.com.br\/index.php?rest_route=\/wp\/v2\/product\/3925","targetHints":{"allow":["GET"]}}],"collection":[{"href":"https:\/\/xn--topcomerciodepeas-osb.com.br\/index.php?rest_route=\/wp\/v2\/product"}],"about":[{"href":"https:\/\/xn--topcomerciodepeas-osb.com.br\/index.php?rest_route=\/wp\/v2\/types\/product"}],"replies":[{"embeddable":true,"href":"https:\/\/xn--topcomerciodepeas-osb.com.br\/index.php?rest_route=%2Fwp%2Fv2%2Fcomments&post=3925"}],"version-history":[{"count":1,"href":"https:\/\/xn--topcomerciodepeas-osb.com.br\/index.php?rest_route=\/wp\/v2\/product\/3925\/revisions"}],"predecessor-version":[{"id":3928,"href":"https:\/\/xn--topcomerciodepeas-osb.com.br\/index.php?rest_route=\/wp\/v2\/product\/3925\/revisions\/3928"}],"wp:featuredmedia":[{"embeddable":true,"href":"https:\/\/xn--topcomerciodepeas-osb.com.br\/index.php?rest_route=\/wp\/v2\/media\/3926"}],"wp:attachment":[{"href":"https:\/\/xn--topcomerciodepeas-osb.com.br\/index.php?rest_route=%2Fwp%2Fv2%2Fmedia&parent=3925"}],"wp:term":[{"taxonomy":"product_brand","embeddable":true,"href":"https:\/\/xn--topcomerciodepeas-osb.com.br\/index.php?rest_route=%2Fwp%2Fv2%2Fproduct_brand&post=3925"},{"taxonomy":"product_cat","embeddable":true,"href":"https:\/\/xn--topcomerciodepeas-osb.com.br\/index.php?rest_route=%2Fwp%2Fv2%2Fproduct_cat&post=3925"},{"taxonomy":"product_tag","embeddable":true,"href":"https:\/\/xn--topcomerciodepeas-osb.com.br\/index.php?rest_route=%2Fwp%2Fv2%2Fproduct_tag&post=3925"}],"curies":[{"name":"wp","href":"https:\/\/api.w.org\/{rel}","templated":true}]}}