{"id":3934,"date":"2025-02-14T11:36:37","date_gmt":"2025-02-14T14:36:37","guid":{"rendered":"https:\/\/xn--topcomerciodepeas-osb.com.br\/?post_type=product&#038;p=3934"},"modified":"2025-03-19T10:25:42","modified_gmt":"2025-03-19T13:25:42","slug":"1lt-lubrificante-mobil-20w50-4t-super-moto-oleo-mineral-para-motos","status":"publish","type":"product","link":"https:\/\/xn--topcomerciodepeas-osb.com.br\/?product=1lt-lubrificante-mobil-20w50-4t-super-moto-oleo-mineral-para-motos","title":{"rendered":"1Lt Lubrificante Mobil 20W50 4T Super Moto \u2013 \u00d3leo Mineral para Motos"},"content":{"rendered":"<h3 data-start=\"362\" data-end=\"392\"><strong data-start=\"366\" data-end=\"390\">Detalhes do Produto:<\/strong><\/h3>\n<h4 data-start=\"394\" data-end=\"478\"><strong data-start=\"399\" data-end=\"476\">Lubrificante Mobil 20W50 4T Super Moto \u2013 Prote\u00e7\u00e3o e Desempenho para Motos<\/strong><\/h4>\n<p data-start=\"479\" data-end=\"807\">O <strong data-start=\"481\" data-end=\"510\">Mobil 20W50 4T Super Moto<\/strong> foi o primeiro \u00f3leo formulado no Brasil <strong data-start=\"551\" data-end=\"588\">especificamente para motocicletas<\/strong>. Com <strong data-start=\"594\" data-end=\"632\">\u00f3leos minerais altamente refinados<\/strong> e aditivos de alta qualidade, oferece <strong data-start=\"671\" data-end=\"762\">excelente limpeza do motor, prote\u00e7\u00e3o contra desgaste, corros\u00e3o e resist\u00eancia \u00e0 oxida\u00e7\u00e3o<\/strong>, mesmo em condi\u00e7\u00f5es severas de uso urbano.<\/p>\n<p data-start=\"809\" data-end=\"978\">\ud83d\udd39 <strong data-start=\"812\" data-end=\"865\">Protege motor, embreagem e sistema de transmiss\u00e3o<\/strong><br data-start=\"865\" data-end=\"868\" \/>\ud83d\udd39 <strong data-start=\"871\" data-end=\"921\">Resiste \u00e0 oxida\u00e7\u00e3o e reduz o desgaste do motor<\/strong><br data-start=\"921\" data-end=\"924\" \/>\ud83d\udd39 <strong data-start=\"927\" data-end=\"976\">Melhora o aproveitamento da pot\u00eancia do motor<\/strong><\/p>\n<hr data-start=\"980\" data-end=\"983\" \/>\n<h3 data-start=\"985\" data-end=\"1006\"><strong data-start=\"989\" data-end=\"1004\">Indica\u00e7\u00f5es:<\/strong><\/h3>\n<p data-start=\"1007\" data-end=\"1108\">\u2714 <strong data-start=\"1009\" data-end=\"1022\">Ve\u00edculos:<\/strong> Todos os tipos de motocicletas<br data-start=\"1053\" data-end=\"1056\" \/>\u2714 <strong data-start=\"1058\" data-end=\"1070\">Motores:<\/strong> 4 tempos (prioritariamente on-road)<\/p>\n<p data-start=\"1110\" data-end=\"1164\"><strong data-start=\"1110\" data-end=\"1126\">Viscosidade:<\/strong> 20W-50<br data-start=\"1133\" data-end=\"1136\" \/><strong data-start=\"1136\" data-end=\"1154\">Classifica\u00e7\u00e3o:<\/strong> Mineral<\/p>\n<hr data-start=\"1166\" data-end=\"1169\" \/>\n<h3 data-start=\"1171\" data-end=\"1216\"><strong data-start=\"1175\" data-end=\"1214\">Atende ou Excede as Especifica\u00e7\u00f5es:<\/strong><\/h3>\n<p data-start=\"1217\" data-end=\"1248\">\u2714 <strong data-start=\"1219\" data-end=\"1231\">JASO MA2<\/strong><br data-start=\"1231\" data-end=\"1234\" \/>\u2714 <strong data-start=\"1236\" data-end=\"1246\">API SL<\/strong><\/p>\n<hr data-start=\"1250\" data-end=\"1253\" \/>\n<h3 data-start=\"1255\" data-end=\"1286\"><strong data-start=\"1259\" data-end=\"1284\">Possui alguma d\u00favida?<\/strong><\/h3>\n<p data-start=\"1287\" data-end=\"1385\"><a href=\"https:\/\/contate.me\/topcomerciodepecas\" target=\"_new\" rel=\"noopener\" data-start=\"1287\" data-end=\"1339\"><strong data-start=\"1288\" data-end=\"1303\">Clique aqui<\/strong><\/a> e entre em contato atrav\u00e9s do <strong data-start=\"1370\" data-end=\"1382\">WhatsApp<\/strong>.<\/p>\n","protected":false},"excerpt":{"rendered":"<p>\u2714 <strong data-start=\"272\" data-end=\"319\">1 Lubrificante Mobil 20W50 4T Super Moto 1L<\/strong> \u2013 \u00d3leo Mineral de Alto Desempenho<\/p>\n","protected":false},"featured_media":3935,"comment_status":"open","ping_status":"closed","template":"","meta":[],"product_brand":[],"product_cat":[31,47,45],"product_tag":[55],"class_list":{"0":"post-3934","1":"product","2":"type-product","3":"status-publish","4":"has-post-thumbnail","6":"product_cat-oleo-lubrificante","7":"product_cat-motos","8":"product_cat-oleos-de-motor","9":"product_tag-mobil","11":"first","12":"instock","13":"sale","14":"shipping-taxable","15":"purchasable","16":"product-type-simple"},"jetpack_sharing_enabled":true,"_links":{"self":[{"href":"https:\/\/xn--topcomerciodepeas-osb.com.br\/index.php?rest_route=\/wp\/v2\/product\/3934","targetHints":{"allow":["GET"]}}],"collection":[{"href":"https:\/\/xn--topcomerciodepeas-osb.com.br\/index.php?rest_route=\/wp\/v2\/product"}],"about":[{"href":"https:\/\/xn--topcomerciodepeas-osb.com.br\/index.php?rest_route=\/wp\/v2\/types\/product"}],"replies":[{"embeddable":true,"href":"https:\/\/xn--topcomerciodepeas-osb.com.br\/index.php?rest_route=%2Fwp%2Fv2%2Fcomments&post=3934"}],"version-history":[{"count":1,"href":"https:\/\/xn--topcomerciodepeas-osb.com.br\/index.php?rest_route=\/wp\/v2\/product\/3934\/revisions"}],"predecessor-version":[{"id":3937,"href":"https:\/\/xn--topcomerciodepeas-osb.com.br\/index.php?rest_route=\/wp\/v2\/product\/3934\/revisions\/3937"}],"wp:featuredmedia":[{"embeddable":true,"href":"https:\/\/xn--topcomerciodepeas-osb.com.br\/index.php?rest_route=\/wp\/v2\/media\/3935"}],"wp:attachment":[{"href":"https:\/\/xn--topcomerciodepeas-osb.com.br\/index.php?rest_route=%2Fwp%2Fv2%2Fmedia&parent=3934"}],"wp:term":[{"taxonomy":"product_brand","embeddable":true,"href":"https:\/\/xn--topcomerciodepeas-osb.com.br\/index.php?rest_route=%2Fwp%2Fv2%2Fproduct_brand&post=3934"},{"taxonomy":"product_cat","embeddable":true,"href":"https:\/\/xn--topcomerciodepeas-osb.com.br\/index.php?rest_route=%2Fwp%2Fv2%2Fproduct_cat&post=3934"},{"taxonomy":"product_tag","embeddable":true,"href":"https:\/\/xn--topcomerciodepeas-osb.com.br\/index.php?rest_route=%2Fwp%2Fv2%2Fproduct_tag&post=3934"}],"curies":[{"name":"wp","href":"https:\/\/api.w.org\/{rel}","templated":true}]}}