{"id":3938,"date":"2025-02-14T11:44:36","date_gmt":"2025-02-14T14:44:36","guid":{"rendered":"https:\/\/xn--topcomerciodepeas-osb.com.br\/?post_type=product&#038;p=3938"},"modified":"2025-03-19T10:25:42","modified_gmt":"2025-03-19T13:25:42","slug":"1lt-lubrificante-menzoil-10w30-moto-4t-sm-lt-oleo-semissintetico","status":"publish","type":"product","link":"https:\/\/xn--topcomerciodepeas-osb.com.br\/?product=1lt-lubrificante-menzoil-10w30-moto-4t-sm-lt-oleo-semissintetico","title":{"rendered":"1Lt Lubrificante Menzoil 10W30 Moto 4T SM LT \u2013 \u00d3leo Semissint\u00e9tico"},"content":{"rendered":"<h3 data-start=\"375\" data-end=\"405\"><strong data-start=\"379\" data-end=\"403\">Detalhes do Produto:<\/strong><\/h3>\n<h4 data-start=\"407\" data-end=\"482\"><strong data-start=\"412\" data-end=\"480\">Lubrificante Menzoil 10W30 Moto 4T \u2013 Alta Performance e Prote\u00e7\u00e3o<\/strong><\/h4>\n<p data-start=\"483\" data-end=\"855\">O <strong data-start=\"485\" data-end=\"516\">Menzoil 10W30 Moto 4T SM LT<\/strong> \u00e9 um <strong data-start=\"522\" data-end=\"558\">\u00f3leo lubrificante semissint\u00e9tico<\/strong> que oferece <strong data-start=\"571\" data-end=\"603\">elevada estabilidade t\u00e9rmica<\/strong> e <strong data-start=\"606\" data-end=\"632\">facilidade no arranque<\/strong>, independentemente da temperatura ambiente. Proporciona <strong data-start=\"689\" data-end=\"711\">lubrifica\u00e7\u00e3o ideal<\/strong> para todas as partes do motor, reduzindo o desgaste e prolongando a vida \u00fatil dos componentes, seja no <strong data-start=\"815\" data-end=\"834\">tr\u00e2nsito urbano<\/strong> ou <strong data-start=\"838\" data-end=\"852\">rodovi\u00e1rio<\/strong>.<\/p>\n<p data-start=\"857\" data-end=\"1026\">\ud83d\udd39 <strong data-start=\"860\" data-end=\"924\">Alta estabilidade t\u00e9rmica para diversas condi\u00e7\u00f5es clim\u00e1ticas<\/strong><br data-start=\"924\" data-end=\"927\" \/>\ud83d\udd39 <strong data-start=\"930\" data-end=\"969\">Prote\u00e7\u00e3o contra o desgaste do motor<\/strong><br data-start=\"969\" data-end=\"972\" \/>\ud83d\udd39 <strong data-start=\"975\" data-end=\"1024\">Facilidade de partida em qualquer temperatura<\/strong><\/p>\n<hr data-start=\"1028\" data-end=\"1031\" \/>\n<h3 data-start=\"1033\" data-end=\"1054\"><strong data-start=\"1037\" data-end=\"1052\">Indica\u00e7\u00f5es:<\/strong><\/h3>\n<p data-start=\"1055\" data-end=\"1170\">\u2714 <strong data-start=\"1057\" data-end=\"1070\">Ve\u00edculos:<\/strong> Motocicletas, motonetas, triciclos e quadr\u00edculos nacionais e importados<br data-start=\"1142\" data-end=\"1145\" \/>\u2714 <strong data-start=\"1147\" data-end=\"1159\">Motores:<\/strong> 4 tempos<\/p>\n<p data-start=\"1172\" data-end=\"1236\"><strong data-start=\"1172\" data-end=\"1188\">Viscosidade:<\/strong> SAE 10W30<br data-start=\"1198\" data-end=\"1201\" \/><strong data-start=\"1201\" data-end=\"1219\">Classifica\u00e7\u00e3o:<\/strong> Semissint\u00e9tico<\/p>\n<hr data-start=\"1238\" data-end=\"1241\" \/>\n<h3 data-start=\"1243\" data-end=\"1288\"><strong data-start=\"1247\" data-end=\"1286\">Atende ou Excede as Especifica\u00e7\u00f5es:<\/strong><\/h3>\n<p data-start=\"1289\" data-end=\"1319\">\u2714 <strong data-start=\"1291\" data-end=\"1301\">API SM<\/strong><br data-start=\"1301\" data-end=\"1304\" \/>\u2714 <strong data-start=\"1306\" data-end=\"1317\">JASO MA<\/strong><\/p>\n<hr data-start=\"1321\" data-end=\"1324\" \/>\n<h3 data-start=\"1326\" data-end=\"1357\"><strong data-start=\"1330\" data-end=\"1355\">Possui alguma d\u00favida?<\/strong><\/h3>\n<p data-start=\"1358\" data-end=\"1456\"><a href=\"https:\/\/contate.me\/topcomerciodepecas\"><strong data-start=\"1359\" data-end=\"1374\">Clique aqui<\/strong> <\/a>e entre em contato atrav\u00e9s do <strong data-start=\"1441\" data-end=\"1453\">WhatsApp<\/strong>.<\/p>\n","protected":false},"excerpt":{"rendered":"<p>\u2714 <strong data-start=\"270\" data-end=\"331\">1 Lubrificante Menzoil 10W30 Moto 4T SM LT Semissint\u00e9tico<\/strong> \u2013 Prote\u00e7\u00e3o e Desempenho para Motos<\/p>\n","protected":false},"featured_media":3939,"comment_status":"open","ping_status":"closed","template":"","meta":[],"product_brand":[],"product_cat":[31,47,45],"product_tag":[89],"class_list":{"0":"post-3938","1":"product","2":"type-product","3":"status-publish","4":"has-post-thumbnail","6":"product_cat-oleo-lubrificante","7":"product_cat-motos","8":"product_cat-oleos-de-motor","9":"product_tag-menzoil","11":"first","12":"instock","13":"sale","14":"shipping-taxable","15":"purchasable","16":"product-type-simple"},"jetpack_sharing_enabled":true,"_links":{"self":[{"href":"https:\/\/xn--topcomerciodepeas-osb.com.br\/index.php?rest_route=\/wp\/v2\/product\/3938","targetHints":{"allow":["GET"]}}],"collection":[{"href":"https:\/\/xn--topcomerciodepeas-osb.com.br\/index.php?rest_route=\/wp\/v2\/product"}],"about":[{"href":"https:\/\/xn--topcomerciodepeas-osb.com.br\/index.php?rest_route=\/wp\/v2\/types\/product"}],"replies":[{"embeddable":true,"href":"https:\/\/xn--topcomerciodepeas-osb.com.br\/index.php?rest_route=%2Fwp%2Fv2%2Fcomments&post=3938"}],"version-history":[{"count":1,"href":"https:\/\/xn--topcomerciodepeas-osb.com.br\/index.php?rest_route=\/wp\/v2\/product\/3938\/revisions"}],"predecessor-version":[{"id":3941,"href":"https:\/\/xn--topcomerciodepeas-osb.com.br\/index.php?rest_route=\/wp\/v2\/product\/3938\/revisions\/3941"}],"wp:featuredmedia":[{"embeddable":true,"href":"https:\/\/xn--topcomerciodepeas-osb.com.br\/index.php?rest_route=\/wp\/v2\/media\/3939"}],"wp:attachment":[{"href":"https:\/\/xn--topcomerciodepeas-osb.com.br\/index.php?rest_route=%2Fwp%2Fv2%2Fmedia&parent=3938"}],"wp:term":[{"taxonomy":"product_brand","embeddable":true,"href":"https:\/\/xn--topcomerciodepeas-osb.com.br\/index.php?rest_route=%2Fwp%2Fv2%2Fproduct_brand&post=3938"},{"taxonomy":"product_cat","embeddable":true,"href":"https:\/\/xn--topcomerciodepeas-osb.com.br\/index.php?rest_route=%2Fwp%2Fv2%2Fproduct_cat&post=3938"},{"taxonomy":"product_tag","embeddable":true,"href":"https:\/\/xn--topcomerciodepeas-osb.com.br\/index.php?rest_route=%2Fwp%2Fv2%2Fproduct_tag&post=3938"}],"curies":[{"name":"wp","href":"https:\/\/api.w.org\/{rel}","templated":true}]}}