{"id":3946,"date":"2025-02-14T12:06:29","date_gmt":"2025-02-14T15:06:29","guid":{"rendered":"https:\/\/xn--topcomerciodepeas-osb.com.br\/?post_type=product&#038;p=3946"},"modified":"2025-03-19T10:25:42","modified_gmt":"2025-03-19T13:25:42","slug":"1lt-lubrificante-shell-helix-hx8-5w30-sn-oleo-sintetico","status":"publish","type":"product","link":"https:\/\/xn--topcomerciodepeas-osb.com.br\/?product=1lt-lubrificante-shell-helix-hx8-5w30-sn-oleo-sintetico","title":{"rendered":"1Lt Lubrificante Shell Helix HX8 5W30 SN \u2013 \u00d3leo Sint\u00e9tico"},"content":{"rendered":"<h3 data-start=\"370\" data-end=\"400\"><strong data-start=\"374\" data-end=\"398\">Detalhes do Produto:<\/strong><\/h3>\n<h4 data-start=\"402\" data-end=\"475\"><strong data-start=\"407\" data-end=\"473\">Lubrificante Shell Helix HX8 5W30 \u2013 M\u00e1xima Prote\u00e7\u00e3o e Economia<\/strong><\/h4>\n<p data-start=\"476\" data-end=\"811\">O <strong data-start=\"478\" data-end=\"502\">Shell Helix HX8 5W30<\/strong> \u00e9 um <strong data-start=\"508\" data-end=\"539\">lubrificante 100% sint\u00e9tico<\/strong> que oferece <strong data-start=\"552\" data-end=\"571\">alto desempenho<\/strong> para motores enfrentarem o dia a dia no tr\u00e2nsito urbano e estradas. Sua tecnologia proporciona <strong data-start=\"667\" data-end=\"728\">prote\u00e7\u00e3o superior, limpeza eficiente e redu\u00e7\u00e3o de fric\u00e7\u00e3o<\/strong>, resultando em <strong data-start=\"744\" data-end=\"771\">menor desgaste do motor<\/strong> e <strong data-start=\"774\" data-end=\"808\">melhor economia de combust\u00edvel<\/strong>.<\/p>\n<p data-start=\"813\" data-end=\"965\">\ud83d\udd39 <strong data-start=\"816\" data-end=\"865\">R\u00e1pida fluidez para partidas suaves e seguras<\/strong><br data-start=\"865\" data-end=\"868\" \/>\ud83d\udd39 <strong data-start=\"871\" data-end=\"920\">Reduz o desgaste e a fric\u00e7\u00e3o interna do motor<\/strong><br data-start=\"920\" data-end=\"923\" \/>\ud83d\udd39 <strong data-start=\"926\" data-end=\"963\">Melhora a economia de combust\u00edvel<\/strong><\/p>\n<hr data-start=\"967\" data-end=\"970\" \/>\n<h3 data-start=\"972\" data-end=\"993\"><strong data-start=\"976\" data-end=\"991\">Indica\u00e7\u00f5es:<\/strong><\/h3>\n<p data-start=\"994\" data-end=\"1099\">\u2714 <strong data-start=\"996\" data-end=\"1009\">Ve\u00edculos:<\/strong> Autom\u00f3veis nacionais e importados<br data-start=\"1043\" data-end=\"1046\" \/>\u2714 <strong data-start=\"1048\" data-end=\"1060\">Motores:<\/strong> Gasolina, Etanol, Diesel leve e Flex<\/p>\n<p data-start=\"1101\" data-end=\"1164\"><strong data-start=\"1101\" data-end=\"1117\">Viscosidade:<\/strong> SAE 5W30<br data-start=\"1126\" data-end=\"1129\" \/><strong data-start=\"1129\" data-end=\"1147\">Classifica\u00e7\u00e3o:<\/strong> 100% Sint\u00e9tico<\/p>\n<hr data-start=\"1166\" data-end=\"1169\" \/>\n<h3 data-start=\"1171\" data-end=\"1216\"><strong data-start=\"1175\" data-end=\"1214\">Atende ou Excede as Especifica\u00e7\u00f5es:<\/strong><\/h3>\n<p data-start=\"1217\" data-end=\"1338\">\u2714 <strong data-start=\"1219\" data-end=\"1232\">API SN\/CF<\/strong><br data-start=\"1232\" data-end=\"1235\" \/>\u2714 <strong data-start=\"1237\" data-end=\"1254\">ACEA A3\/B3\/B4<\/strong><br data-start=\"1254\" data-end=\"1257\" \/>\u2714 <strong data-start=\"1259\" data-end=\"1279\">VW 502 00\/505 00<\/strong><br data-start=\"1279\" data-end=\"1282\" \/>\u2714 <strong data-start=\"1284\" data-end=\"1308\">Renault RN 0700\/0710<\/strong><br data-start=\"1308\" data-end=\"1311\" \/>\u2714 <strong data-start=\"1313\" data-end=\"1336\">Mercedes-Benz 229.3<\/strong><\/p>\n<hr data-start=\"1340\" data-end=\"1343\" \/>\n<h3 data-start=\"1345\" data-end=\"1376\"><strong data-start=\"1349\" data-end=\"1374\">Possui alguma d\u00favida?<\/strong><\/h3>\n<p data-start=\"1377\" data-end=\"1475\"><a href=\"https:\/\/contate.me\/topcomerciodepecas\" target=\"_new\" rel=\"noopener\" data-start=\"1377\" data-end=\"1429\"><strong data-start=\"1378\" data-end=\"1393\">Clique aqui<\/strong><\/a> e entre em contato atrav\u00e9s do <strong data-start=\"1460\" data-end=\"1472\">WhatsApp<\/strong>.<\/p>\n","protected":false},"excerpt":{"rendered":"<p>\u2714 <strong data-start=\"282\" data-end=\"327\">1 Lubrificante Shell Helix HX8 5W30 SN 1L<\/strong> \u2013 Prote\u00e7\u00e3o e Limpeza para Motores<\/p>\n","protected":false},"featured_media":3947,"comment_status":"open","ping_status":"closed","template":"","meta":[],"product_brand":[],"product_cat":[46,31,45],"product_tag":[61],"class_list":{"0":"post-3946","1":"product","2":"type-product","3":"status-publish","4":"has-post-thumbnail","6":"product_cat-carro","7":"product_cat-oleo-lubrificante","8":"product_cat-oleos-de-motor","9":"product_tag-shell","11":"first","12":"instock","13":"sale","14":"shipping-taxable","15":"purchasable","16":"product-type-simple"},"jetpack_sharing_enabled":true,"_links":{"self":[{"href":"https:\/\/xn--topcomerciodepeas-osb.com.br\/index.php?rest_route=\/wp\/v2\/product\/3946","targetHints":{"allow":["GET"]}}],"collection":[{"href":"https:\/\/xn--topcomerciodepeas-osb.com.br\/index.php?rest_route=\/wp\/v2\/product"}],"about":[{"href":"https:\/\/xn--topcomerciodepeas-osb.com.br\/index.php?rest_route=\/wp\/v2\/types\/product"}],"replies":[{"embeddable":true,"href":"https:\/\/xn--topcomerciodepeas-osb.com.br\/index.php?rest_route=%2Fwp%2Fv2%2Fcomments&post=3946"}],"version-history":[{"count":1,"href":"https:\/\/xn--topcomerciodepeas-osb.com.br\/index.php?rest_route=\/wp\/v2\/product\/3946\/revisions"}],"predecessor-version":[{"id":3949,"href":"https:\/\/xn--topcomerciodepeas-osb.com.br\/index.php?rest_route=\/wp\/v2\/product\/3946\/revisions\/3949"}],"wp:featuredmedia":[{"embeddable":true,"href":"https:\/\/xn--topcomerciodepeas-osb.com.br\/index.php?rest_route=\/wp\/v2\/media\/3947"}],"wp:attachment":[{"href":"https:\/\/xn--topcomerciodepeas-osb.com.br\/index.php?rest_route=%2Fwp%2Fv2%2Fmedia&parent=3946"}],"wp:term":[{"taxonomy":"product_brand","embeddable":true,"href":"https:\/\/xn--topcomerciodepeas-osb.com.br\/index.php?rest_route=%2Fwp%2Fv2%2Fproduct_brand&post=3946"},{"taxonomy":"product_cat","embeddable":true,"href":"https:\/\/xn--topcomerciodepeas-osb.com.br\/index.php?rest_route=%2Fwp%2Fv2%2Fproduct_cat&post=3946"},{"taxonomy":"product_tag","embeddable":true,"href":"https:\/\/xn--topcomerciodepeas-osb.com.br\/index.php?rest_route=%2Fwp%2Fv2%2Fproduct_tag&post=3946"}],"curies":[{"name":"wp","href":"https:\/\/api.w.org\/{rel}","templated":true}]}}