{"id":4055,"date":"2025-03-07T13:40:07","date_gmt":"2025-03-07T16:40:07","guid":{"rendered":"https:\/\/xn--topcomerciodepeas-osb.com.br\/?post_type=product&#038;p=4055"},"modified":"2025-03-07T13:41:07","modified_gmt":"2025-03-07T16:41:07","slug":"filtro-externo-de-cambio-automatico-fat-144-japanparts","status":"publish","type":"product","link":"https:\/\/xn--topcomerciodepeas-osb.com.br\/?product=filtro-externo-de-cambio-automatico-fat-144-japanparts","title":{"rendered":"Filtro Externo de C\u00e2mbio Autom\u00e1tico FAT 144 &#8211; Japanparts"},"content":{"rendered":"<p data-start=\"365\" data-end=\"758\"><strong data-start=\"365\" data-end=\"391\">Aplica\u00e7\u00f5es do produto:<\/strong><br data-start=\"391\" data-end=\"394\" \/>\u2022 Nissan March 1.6 16V (2011 &gt;)<br data-start=\"425\" data-end=\"428\" \/>\u2022 Nissan Versa 1.6 16V (2011 &#8211; 2019)<br data-start=\"464\" data-end=\"467\" \/>\u2022 Nissan Kicks 1.6 Flex (2016 &gt;)<br data-start=\"499\" data-end=\"502\" \/>\u2022 Nissan Sentra 2.0 Flex (2014 &gt;)<br data-start=\"535\" data-end=\"538\" \/>\u2022 Renault Captur 1.6 16V Flex (2017 &#8211; 2021)<br data-start=\"581\" data-end=\"584\" \/>\u2022 Renault Captur 1.3 16V Turbo Flex (2021 &gt;)<br data-start=\"628\" data-end=\"631\" \/>\u2022 Renault Sandero 1.6 16V Flex (2016 &#8211; 2021)<br data-start=\"675\" data-end=\"678\" \/>\u2022 Renault Logan 1.6 16V Flex (2017 &gt;)<br data-start=\"715\" data-end=\"718\" \/>\u2022 Renault Duster 1.6 16V Flex (2017 &gt;)<\/p>\n<p data-start=\"760\" data-end=\"847\"><strong data-start=\"760\" data-end=\"775\">Convers\u00f5es:<\/strong><br data-start=\"775\" data-end=\"778\" \/>\u2022 Japanparts EU: FT022<br data-start=\"797\" data-end=\"800\" \/>\u2022 Wega: WEOC002 \/ WEOC004<br data-start=\"825\" data-end=\"828\" \/>\u2022 Tecfil: ECA1585<\/p>\n<p data-start=\"849\" data-end=\"939\"><strong data-start=\"849\" data-end=\"874\">Possui alguma d\u00favida?<\/strong><\/p>\n<p data-start=\"849\" data-end=\"939\"><br data-start=\"874\" data-end=\"877\" \/><strong data-start=\"878\" data-end=\"933\"><a href=\"https:\/\/contate.me\/topcomerciodepecas\">Clique aqui<\/a> e entre em contato atrav\u00e9s do WhatsApp.<\/strong><\/p>\n","protected":false},"excerpt":{"rendered":"<p data-start=\"206\" data-end=\"304\"><strong data-start=\"206\" data-end=\"218\">ATEN\u00c7\u00c3O:<\/strong> ANTES DE COMPRAR, CONFIRA SE O C\u00d3DIGO DE APLICA\u00c7\u00c3O EST\u00c1 CORRETO PARA O SEU VE\u00cdCULO.<\/p>\n<p data-start=\"306\" data-end=\"363\">Em caso de d\u00favidas, <a href=\"https:\/\/contate.me\/topcomerciodepecas\"><strong data-start=\"326\" data-end=\"341\">clique AQUI<\/strong><\/a> e entre em contato.<\/p>\n","protected":false},"featured_media":4058,"comment_status":"open","ping_status":"closed","template":"","meta":[],"product_brand":[],"product_cat":[28,37],"product_tag":[91],"class_list":{"0":"post-4055","1":"product","2":"type-product","3":"status-publish","4":"has-post-thumbnail","6":"product_cat-filtro-de-oleo-de-cambio-automatico","7":"product_cat-filtros-de-oleo","8":"product_tag-japanparts","10":"first","11":"instock","12":"sale","13":"shipping-taxable","14":"purchasable","15":"product-type-simple"},"jetpack_sharing_enabled":true,"_links":{"self":[{"href":"https:\/\/xn--topcomerciodepeas-osb.com.br\/index.php?rest_route=\/wp\/v2\/product\/4055","targetHints":{"allow":["GET"]}}],"collection":[{"href":"https:\/\/xn--topcomerciodepeas-osb.com.br\/index.php?rest_route=\/wp\/v2\/product"}],"about":[{"href":"https:\/\/xn--topcomerciodepeas-osb.com.br\/index.php?rest_route=\/wp\/v2\/types\/product"}],"replies":[{"embeddable":true,"href":"https:\/\/xn--topcomerciodepeas-osb.com.br\/index.php?rest_route=%2Fwp%2Fv2%2Fcomments&post=4055"}],"version-history":[{"count":2,"href":"https:\/\/xn--topcomerciodepeas-osb.com.br\/index.php?rest_route=\/wp\/v2\/product\/4055\/revisions"}],"predecessor-version":[{"id":4060,"href":"https:\/\/xn--topcomerciodepeas-osb.com.br\/index.php?rest_route=\/wp\/v2\/product\/4055\/revisions\/4060"}],"wp:featuredmedia":[{"embeddable":true,"href":"https:\/\/xn--topcomerciodepeas-osb.com.br\/index.php?rest_route=\/wp\/v2\/media\/4058"}],"wp:attachment":[{"href":"https:\/\/xn--topcomerciodepeas-osb.com.br\/index.php?rest_route=%2Fwp%2Fv2%2Fmedia&parent=4055"}],"wp:term":[{"taxonomy":"product_brand","embeddable":true,"href":"https:\/\/xn--topcomerciodepeas-osb.com.br\/index.php?rest_route=%2Fwp%2Fv2%2Fproduct_brand&post=4055"},{"taxonomy":"product_cat","embeddable":true,"href":"https:\/\/xn--topcomerciodepeas-osb.com.br\/index.php?rest_route=%2Fwp%2Fv2%2Fproduct_cat&post=4055"},{"taxonomy":"product_tag","embeddable":true,"href":"https:\/\/xn--topcomerciodepeas-osb.com.br\/index.php?rest_route=%2Fwp%2Fv2%2Fproduct_tag&post=4055"}],"curies":[{"name":"wp","href":"https:\/\/api.w.org\/{rel}","templated":true}]}}