{"id":4107,"date":"2025-03-13T10:57:10","date_gmt":"2025-03-13T13:57:10","guid":{"rendered":"https:\/\/xn--topcomerciodepeas-osb.com.br\/?post_type=product&#038;p=4107"},"modified":"2025-03-13T11:00:46","modified_gmt":"2025-03-13T14:00:46","slug":"kit-3x-militec-1-40ml-condicionador-de-metais-para-motos","status":"publish","type":"product","link":"https:\/\/xn--topcomerciodepeas-osb.com.br\/?product=kit-3x-militec-1-40ml-condicionador-de-metais-para-motos","title":{"rendered":"Kit 3x Militec-1 40ml \u2013 Condicionador de Metais para Motos"},"content":{"rendered":"<article class=\"w-full text-token-text-primary focus-visible:outline-2 focus-visible:outline-offset-[-4px]\" dir=\"auto\" data-testid=\"conversation-turn-216\" data-scroll-anchor=\"true\">\n<div class=\"text-base my-auto mx-auto py-[18px] px-6\">\n<div class=\"mx-auto flex flex-1 text-base gap-4 md:gap-5 lg:gap-6 md:max-w-3xl lg:max-w-[40rem] xl:max-w-[48rem]\">\n<div class=\"group\/conversation-turn relative flex w-full min-w-0 flex-col agent-turn @xs\/thread:px-0 @sm\/thread:px-1.5 @md\/thread:px-4\">\n<div class=\"flex-col gap-1 md:gap-3\">\n<div class=\"flex max-w-full flex-col flex-grow\">\n<div class=\"min-h-8 text-message relative flex w-full flex-col items-end gap-2 whitespace-normal break-words text-start [.text-message+&amp;]:mt-5\" dir=\"auto\" data-message-author-role=\"assistant\" data-message-id=\"30153a66-be62-43df-9718-b5e97f1ac032\" data-message-model-slug=\"gpt-4o\">\n<div class=\"flex w-full flex-col gap-1 empty:hidden first:pt-[3px]\">\n<div class=\"markdown prose w-full break-words dark:prose-invert light\">\n<p data-start=\"78\" data-end=\"409\"><strong data-start=\"78\" data-end=\"95\">MAIS DETALHES<\/strong><br data-start=\"95\" data-end=\"98\" \/>MILITEC 1 \u00e9 o primeiro e melhor condicionador de metais do mundo, que protege o motor da sua moto de verdade. Fabricado nos Estados Unidos com um processo \u00fanico e tecnologia exclusiva, MILITEC 1 garante a prote\u00e7\u00e3o contra os desgastes tanto no dia a dia quanto nas condi\u00e7\u00f5es mais cr\u00edticas de uso e performance.<\/p>\n<p data-start=\"411\" data-end=\"613\">Cerca de 80% do desgaste do motor acontece na partida a frio devido \u00e0 falta de lubrifica\u00e7\u00e3o moment\u00e2nea. Nesse momento, MILITEC 1 garante a prote\u00e7\u00e3o das pe\u00e7as pois o produto j\u00e1 est\u00e1 adsorvido no metal.<\/p>\n<p data-start=\"615\" data-end=\"831\">Ao ser aplicado, MILITEC 1 impregna nas superf\u00edcies met\u00e1licas em atrito do motor. Essa exclusiva tecnologia <strong data-start=\"723\" data-end=\"754\">Dry Impregnated Lubrication<\/strong> reduz o atrito em at\u00e9 85% e deixa os metais at\u00e9 17 vezes mais resistentes.<\/p>\n<p data-start=\"833\" data-end=\"926\">Indicado para motos de baixa e alta cilindrada, scooters e ve\u00edculos de duas rodas em geral.<\/p>\n<p data-start=\"928\" data-end=\"1005\" data-is-last-node=\"\" data-is-only-node=\"\"><strong data-start=\"928\" data-end=\"953\">Possui alguma d\u00favida?<\/strong> <a href=\"https:\/\/contate.me\/topcomerciodepecas\">Clique aqui<\/a> e entre em contato atrav\u00e9s do WhatsApp.<\/p>\n<\/div>\n<\/div>\n<\/div>\n<\/div>\n<div class=\"mt-3 w-full empty:hidden\">\n<div class=\"text-center\"><\/div>\n<\/div>\n<\/div>\n<div class=\"absolute\">\n<div class=\"flex items-center justify-center\"><\/div>\n<\/div>\n<\/div>\n<\/div>\n<\/div>\n<\/article>\n<div class=\"pointer-events-none h-px w-px\" aria-hidden=\"true\" data-edge=\"true\"><\/div>\n","protected":false},"excerpt":{"rendered":"<p>CONTE\u00daDO DO KIT<\/p>\n<p>3 unidades do Condicionador de Metais Militec1 Moto 40 ml<\/p>\n","protected":false},"featured_media":4104,"comment_status":"open","ping_status":"closed","template":"","meta":[],"product_brand":[],"product_cat":[78,81],"product_tag":[72],"class_list":{"0":"post-4107","1":"product","2":"type-product","3":"status-publish","4":"has-post-thumbnail","6":"product_cat-aditivos-2","7":"product_cat-kitaditivo","8":"product_tag-militec","10":"first","11":"instock","12":"sale","13":"shipping-taxable","14":"purchasable","15":"product-type-simple"},"jetpack_sharing_enabled":true,"_links":{"self":[{"href":"https:\/\/xn--topcomerciodepeas-osb.com.br\/index.php?rest_route=\/wp\/v2\/product\/4107","targetHints":{"allow":["GET"]}}],"collection":[{"href":"https:\/\/xn--topcomerciodepeas-osb.com.br\/index.php?rest_route=\/wp\/v2\/product"}],"about":[{"href":"https:\/\/xn--topcomerciodepeas-osb.com.br\/index.php?rest_route=\/wp\/v2\/types\/product"}],"replies":[{"embeddable":true,"href":"https:\/\/xn--topcomerciodepeas-osb.com.br\/index.php?rest_route=%2Fwp%2Fv2%2Fcomments&post=4107"}],"version-history":[{"count":1,"href":"https:\/\/xn--topcomerciodepeas-osb.com.br\/index.php?rest_route=\/wp\/v2\/product\/4107\/revisions"}],"predecessor-version":[{"id":4108,"href":"https:\/\/xn--topcomerciodepeas-osb.com.br\/index.php?rest_route=\/wp\/v2\/product\/4107\/revisions\/4108"}],"wp:featuredmedia":[{"embeddable":true,"href":"https:\/\/xn--topcomerciodepeas-osb.com.br\/index.php?rest_route=\/wp\/v2\/media\/4104"}],"wp:attachment":[{"href":"https:\/\/xn--topcomerciodepeas-osb.com.br\/index.php?rest_route=%2Fwp%2Fv2%2Fmedia&parent=4107"}],"wp:term":[{"taxonomy":"product_brand","embeddable":true,"href":"https:\/\/xn--topcomerciodepeas-osb.com.br\/index.php?rest_route=%2Fwp%2Fv2%2Fproduct_brand&post=4107"},{"taxonomy":"product_cat","embeddable":true,"href":"https:\/\/xn--topcomerciodepeas-osb.com.br\/index.php?rest_route=%2Fwp%2Fv2%2Fproduct_cat&post=4107"},{"taxonomy":"product_tag","embeddable":true,"href":"https:\/\/xn--topcomerciodepeas-osb.com.br\/index.php?rest_route=%2Fwp%2Fv2%2Fproduct_tag&post=4107"}],"curies":[{"name":"wp","href":"https:\/\/api.w.org\/{rel}","templated":true}]}}