{"id":4114,"date":"2025-03-13T11:08:15","date_gmt":"2025-03-13T14:08:15","guid":{"rendered":"https:\/\/xn--topcomerciodepeas-osb.com.br\/?post_type=product&#038;p=4114"},"modified":"2025-03-13T11:10:37","modified_gmt":"2025-03-13T14:10:37","slug":"kit-3x-nano-condicionador-de-metais-motos-30ml","status":"publish","type":"product","link":"https:\/\/xn--topcomerciodepeas-osb.com.br\/?product=kit-3x-nano-condicionador-de-metais-motos-30ml","title":{"rendered":"Kit 3x Nano Condicionador de Metais Motos 30ml"},"content":{"rendered":"<p data-start=\"297\" data-end=\"599\">O <strong data-start=\"319\" data-end=\"351\">Nano Condicionador de Metais<\/strong> foi desenvolvido para otimizar o desempenho e a durabilidade do motor da sua moto. Ele atua diretamente nas superf\u00edcies met\u00e1licas, reduzindo o atrito e o desgaste, melhorando a efici\u00eancia do lubrificante e proporcionando maior prote\u00e7\u00e3o ao motor.<\/p>\n<p data-start=\"601\" data-end=\"789\">\u2714 <strong data-start=\"603\" data-end=\"640\">Protege contra desgaste prematuro<\/strong><br data-start=\"640\" data-end=\"643\" \/>\u2714 <strong data-start=\"645\" data-end=\"687\">Reduz o atrito entre as pe\u00e7as do motor<\/strong><br data-start=\"687\" data-end=\"690\" \/>\u2714 <strong data-start=\"692\" data-end=\"740\">Ajuda na lubrifica\u00e7\u00e3o e melhora o desempenho<\/strong><br data-start=\"740\" data-end=\"743\" \/>\u2714 <strong data-start=\"745\" data-end=\"787\">Compat\u00edvel com todos os tipos de motos<\/strong><\/p>\n<p data-start=\"791\" data-end=\"809\"><strong data-start=\"791\" data-end=\"807\">Modo de Uso:<\/strong><\/p>\n<ul data-start=\"810\" data-end=\"975\">\n<li data-start=\"810\" data-end=\"909\">Adicione o conte\u00fado do frasco ao \u00f3leo lubrificante da moto conforme recomenda\u00e7\u00e3o do fabricante.<\/li>\n<\/ul>\n<p>&nbsp;<\/p>\n<p><strong data-start=\"817\" data-end=\"842\">Possui alguma d\u00favida?<\/strong> <a href=\"https:\/\/contate.me\/topcomerciodepecas\">Clique aqui<\/a> e entre em contato atrav\u00e9s do WhatsApp.<\/p>\n","protected":false},"excerpt":{"rendered":"<p>DESCRI\u00c7\u00c3O DO KIT<\/p>\n<p>Kit com 3\u00a0 Nano Condicionador de Metais Motos 30ml<\/p>\n","protected":false},"featured_media":4110,"comment_status":"open","ping_status":"closed","template":"","meta":[],"product_brand":[],"product_cat":[78],"product_tag":[94],"class_list":{"0":"post-4114","1":"product","2":"type-product","3":"status-publish","4":"has-post-thumbnail","6":"product_cat-aditivos-2","7":"product_tag-nano","9":"first","10":"instock","11":"sale","12":"shipping-taxable","13":"purchasable","14":"product-type-simple"},"jetpack_sharing_enabled":true,"_links":{"self":[{"href":"https:\/\/xn--topcomerciodepeas-osb.com.br\/index.php?rest_route=\/wp\/v2\/product\/4114","targetHints":{"allow":["GET"]}}],"collection":[{"href":"https:\/\/xn--topcomerciodepeas-osb.com.br\/index.php?rest_route=\/wp\/v2\/product"}],"about":[{"href":"https:\/\/xn--topcomerciodepeas-osb.com.br\/index.php?rest_route=\/wp\/v2\/types\/product"}],"replies":[{"embeddable":true,"href":"https:\/\/xn--topcomerciodepeas-osb.com.br\/index.php?rest_route=%2Fwp%2Fv2%2Fcomments&post=4114"}],"version-history":[{"count":2,"href":"https:\/\/xn--topcomerciodepeas-osb.com.br\/index.php?rest_route=\/wp\/v2\/product\/4114\/revisions"}],"predecessor-version":[{"id":4116,"href":"https:\/\/xn--topcomerciodepeas-osb.com.br\/index.php?rest_route=\/wp\/v2\/product\/4114\/revisions\/4116"}],"wp:featuredmedia":[{"embeddable":true,"href":"https:\/\/xn--topcomerciodepeas-osb.com.br\/index.php?rest_route=\/wp\/v2\/media\/4110"}],"wp:attachment":[{"href":"https:\/\/xn--topcomerciodepeas-osb.com.br\/index.php?rest_route=%2Fwp%2Fv2%2Fmedia&parent=4114"}],"wp:term":[{"taxonomy":"product_brand","embeddable":true,"href":"https:\/\/xn--topcomerciodepeas-osb.com.br\/index.php?rest_route=%2Fwp%2Fv2%2Fproduct_brand&post=4114"},{"taxonomy":"product_cat","embeddable":true,"href":"https:\/\/xn--topcomerciodepeas-osb.com.br\/index.php?rest_route=%2Fwp%2Fv2%2Fproduct_cat&post=4114"},{"taxonomy":"product_tag","embeddable":true,"href":"https:\/\/xn--topcomerciodepeas-osb.com.br\/index.php?rest_route=%2Fwp%2Fv2%2Fproduct_tag&post=4114"}],"curies":[{"name":"wp","href":"https:\/\/api.w.org\/{rel}","templated":true}]}}