{"id":4134,"date":"2025-03-17T08:34:41","date_gmt":"2025-03-17T11:34:41","guid":{"rendered":"https:\/\/xn--topcomerciodepeas-osb.com.br\/?post_type=product&#038;p=4134"},"modified":"2025-03-17T08:34:41","modified_gmt":"2025-03-17T11:34:41","slug":"limpa-para-brisa-mundial-prime-100ml","status":"publish","type":"product","link":"https:\/\/xn--topcomerciodepeas-osb.com.br\/?product=limpa-para-brisa-mundial-prime-100ml","title":{"rendered":"Limpa Para-Brisa Mundial Prime 100ml"},"content":{"rendered":"<p data-start=\"158\" data-end=\"471\">O <strong data-start=\"187\" data-end=\"221\">Limpa Para-Brisa Mundial Prime<\/strong> \u00e9 a escolha ideal para manter a visibilidade do seu ve\u00edculo sempre limpa e cristalina. Sua f\u00f3rmula avan\u00e7ada remove com facilidade sujeiras como gordura, fuligem, poeira, bruma mar\u00edtima, insetos, \u00f3leos e neblina, garantindo uma dire\u00e7\u00e3o mais segura.<\/p>\n<p data-start=\"473\" data-end=\"738\">\ud83d\udd39 <strong data-start=\"476\" data-end=\"522\">Elimina impurezas e melhora a visibilidade<\/strong><br data-start=\"522\" data-end=\"525\" \/>\ud83d\udd39 <strong data-start=\"528\" data-end=\"565\">Evita o ressecamento das palhetas<\/strong><br data-start=\"565\" data-end=\"568\" \/>\ud83d\udd39 <strong data-start=\"571\" data-end=\"606\">N\u00e3o agride a pintura do ve\u00edculo<\/strong><br data-start=\"606\" data-end=\"609\" \/>\ud83d\udd39 <strong data-start=\"612\" data-end=\"670\">F\u00f3rmula de alta performance para uma limpeza eficiente<\/strong><br data-start=\"670\" data-end=\"673\" data-is-only-node=\"\" \/>\ud83d\udd39 <strong data-start=\"676\" data-end=\"736\">Dose \u00fanica \u2013 Basta adicionar no reservat\u00f3rio do limpador<\/strong><\/p>\n<p data-start=\"740\" data-end=\"944\"><strong data-start=\"740\" data-end=\"756\">Modo de Uso:<\/strong><br data-start=\"756\" data-end=\"759\" \/>1\ufe0f\u20e3 Adicione o conte\u00fado do frasco diretamente no reservat\u00f3rio de \u00e1gua do limpador do para-brisa.<br data-start=\"855\" data-end=\"858\" \/>2\ufe0f\u20e3 Complete com \u00e1gua, se necess\u00e1rio.<br data-start=\"895\" data-end=\"898\" \/>3\ufe0f\u20e3 Acione o limpador para ativar a limpeza.<\/p>\n<p data-start=\"946\" data-end=\"1025\"><strong data-start=\"946\" data-end=\"971\">Possui alguma d\u00favida?<\/strong><a href=\"https:\/\/contate.me\/topcomerciodepecas\"> Clique aqui<\/a> e entre em contato atrav\u00e9s do WhatsApp.<\/p>\n","protected":false},"excerpt":{"rendered":"<p>\u2714 Solu\u00e7\u00e3o eficiente para a limpeza do para-brisa do seu ve\u00edculo 100 ml mundial prime<\/p>\n","protected":false},"featured_media":4135,"comment_status":"open","ping_status":"closed","template":"","meta":[],"product_brand":[],"product_cat":[51,87],"product_tag":[79],"class_list":{"0":"post-4134","1":"product","2":"type-product","3":"status-publish","4":"has-post-thumbnail","6":"product_cat-estetica-automotiva","7":"product_cat-limpa-vidros","8":"product_tag-mundial-prime","10":"first","11":"instock","12":"sale","13":"shipping-taxable","14":"purchasable","15":"product-type-simple"},"jetpack_sharing_enabled":true,"_links":{"self":[{"href":"https:\/\/xn--topcomerciodepeas-osb.com.br\/index.php?rest_route=\/wp\/v2\/product\/4134","targetHints":{"allow":["GET"]}}],"collection":[{"href":"https:\/\/xn--topcomerciodepeas-osb.com.br\/index.php?rest_route=\/wp\/v2\/product"}],"about":[{"href":"https:\/\/xn--topcomerciodepeas-osb.com.br\/index.php?rest_route=\/wp\/v2\/types\/product"}],"replies":[{"embeddable":true,"href":"https:\/\/xn--topcomerciodepeas-osb.com.br\/index.php?rest_route=%2Fwp%2Fv2%2Fcomments&post=4134"}],"version-history":[{"count":1,"href":"https:\/\/xn--topcomerciodepeas-osb.com.br\/index.php?rest_route=\/wp\/v2\/product\/4134\/revisions"}],"predecessor-version":[{"id":4138,"href":"https:\/\/xn--topcomerciodepeas-osb.com.br\/index.php?rest_route=\/wp\/v2\/product\/4134\/revisions\/4138"}],"wp:featuredmedia":[{"embeddable":true,"href":"https:\/\/xn--topcomerciodepeas-osb.com.br\/index.php?rest_route=\/wp\/v2\/media\/4135"}],"wp:attachment":[{"href":"https:\/\/xn--topcomerciodepeas-osb.com.br\/index.php?rest_route=%2Fwp%2Fv2%2Fmedia&parent=4134"}],"wp:term":[{"taxonomy":"product_brand","embeddable":true,"href":"https:\/\/xn--topcomerciodepeas-osb.com.br\/index.php?rest_route=%2Fwp%2Fv2%2Fproduct_brand&post=4134"},{"taxonomy":"product_cat","embeddable":true,"href":"https:\/\/xn--topcomerciodepeas-osb.com.br\/index.php?rest_route=%2Fwp%2Fv2%2Fproduct_cat&post=4134"},{"taxonomy":"product_tag","embeddable":true,"href":"https:\/\/xn--topcomerciodepeas-osb.com.br\/index.php?rest_route=%2Fwp%2Fv2%2Fproduct_tag&post=4134"}],"curies":[{"name":"wp","href":"https:\/\/api.w.org\/{rel}","templated":true}]}}